{"id":991,"date":"2021-06-24T10:44:17","date_gmt":"2021-06-24T08:44:17","guid":{"rendered":"https:\/\/tedigames.sk\/system\/?page_id=991"},"modified":"2021-06-25T16:51:25","modified_gmt":"2021-06-25T14:51:25","slug":"elegant-bazooka-hero","status":"publish","type":"page","link":"https:\/\/tedigames.sk\/system\/elegant-bazooka-hero\/","title":{"rendered":"Elegant Bazooka Hero"},"content":{"rendered":"\n<p>Team: <br><a href=\"https:\/\/tedigames.sk\/system\/members\/lukacs-domeny\/\">Luk\u00e1cs D\u00f6m\u00e9ny<\/a> &#8211; Program\u00e1tor\u00a0<br>Luk\u00e1\u010d Gra\u0161\u00far &#8211; 3D grafik<br>Marcela Hamb\u00e1lkov\u00e1 &#8211; UI Grafika<br>Marek Stol\u00e1r &#8211; zvuky<br>Adam Ob\u0161itn\u00edk &#8211; hudba\u00a0<\/p>\n\n\n\n<p><a href=\"https:\/\/drive.google.com\/drive\/u\/1\/folders\/1QqIFgei8ciqLPD5sv1fdZqrxrv5Ya2H6\">DOWNLOAD<\/a><\/p>\n\n\n\n<figure class=\"wp-block-embed is-type-video is-provider-youtube wp-block-embed-youtube wp-embed-aspect-16-9 wp-has-aspect-ratio\"><div class=\"wp-block-embed__wrapper\">\n<iframe title=\"Elegant Bazooka Hero\" width=\"1170\" height=\"658\" src=\"https:\/\/www.youtube.com\/embed\/8QmWlXDgRvo?feature=oembed\" frameborder=\"0\" allow=\"accelerometer; autoplay; clipboard-write; encrypted-media; gyroscope; picture-in-picture\" allowfullscreen><\/iframe>\n<\/div><\/figure>\n","protected":false},"excerpt":{"rendered":"<p>Team: Luk\u00e1cs D\u00f6m\u00e9ny &#8211; Program\u00e1tor\u00a0Luk\u00e1\u010d Gra\u0161\u00far &#8211; 3D grafikMarcela Hamb\u00e1lkov\u00e1 &#8211; UI [&hellip;]<\/p>\n","protected":false},"author":1,"featured_media":0,"parent":0,"menu_order":0,"comment_status":"closed","ping_status":"closed","template":"","meta":{"footnotes":""},"categories":[],"tags":[],"class_list":["post-991","page","type-page","status-publish","hentry"],"_links":{"self":[{"href":"https:\/\/tedigames.sk\/system\/wp-json\/wp\/v2\/pages\/991","targetHints":{"allow":["GET"]}}],"collection":[{"href":"https:\/\/tedigames.sk\/system\/wp-json\/wp\/v2\/pages"}],"about":[{"href":"https:\/\/tedigames.sk\/system\/wp-json\/wp\/v2\/types\/page"}],"author":[{"embeddable":true,"href":"https:\/\/tedigames.sk\/system\/wp-json\/wp\/v2\/users\/1"}],"replies":[{"embeddable":true,"href":"https:\/\/tedigames.sk\/system\/wp-json\/wp\/v2\/comments?post=991"}],"version-history":[{"count":0,"href":"https:\/\/tedigames.sk\/system\/wp-json\/wp\/v2\/pages\/991\/revisions"}],"wp:attachment":[{"href":"https:\/\/tedigames.sk\/system\/wp-json\/wp\/v2\/media?parent=991"}],"wp:term":[{"taxonomy":"category","embeddable":true,"href":"https:\/\/tedigames.sk\/system\/wp-json\/wp\/v2\/categories?post=991"},{"taxonomy":"post_tag","embeddable":true,"href":"https:\/\/tedigames.sk\/system\/wp-json\/wp\/v2\/tags?post=991"}],"curies":[{"name":"wp","href":"https:\/\/api.w.org\/{rel}","templated":true}]}}