{"id":990,"date":"2021-06-24T10:42:29","date_gmt":"2021-06-24T08:42:29","guid":{"rendered":"https:\/\/tedigames.sk\/system\/?page_id=990"},"modified":"2021-06-25T16:51:37","modified_gmt":"2021-06-25T14:51:37","slug":"antivirman-remake","status":"publish","type":"page","link":"https:\/\/tedigames.sk\/system\/antivirman-remake\/","title":{"rendered":"AntiVirMan REMAKE"},"content":{"rendered":"\n<p>Team: <br><a href=\"https:\/\/tedigames.sk\/system\/members\/lukacs-domeny\/\">Luk\u00e1cs D\u00f6m\u00e9ny<\/a> &#8211; Program\u00e1tor\u00a0 \u00a0 \u00a0 \u00a0 \u00a0 \u00a0<br>Filip Bajnok &#8211; Grafika<br>Matej Hup\u010d\u00edk &#8211; Grafika, Prezent\u00e1cia<br>Filip Do\u010dekal &#8211; zvuk<br>Veronika Tuchy\u0148ov\u00e1 &#8211; zvuk\u00a0<\/p>\n\n\n\n<p>Popis hry: REMAKE na p\u00f4vodn\u00e9ho AntiVirMana. Engine bol zmenen\u00fd na Unity. Top down shooter \u0161t\u00fdl hry. Hr\u00e1\u010d hr\u00e1 za postavu pohybuj\u00facu sa vo po\u010d\u00edta\u010dov\u00fdch programoch a ni\u010d\u00ed v\u00edrusy, ktor\u00e9 by \u0161kodili po\u010d\u00edta\u010du.&nbsp;<\/p>\n\n\n\n<p><a href=\"https:\/\/drive.google.com\/drive\/u\/1\/folders\/1T7wBGZ9N-nDyPMgY1Axe0P_bm0PWdq1v?usp=gmail\">DOWNLOAD<\/a><\/p>\n\n\n\n<figure class=\"wp-block-embed is-type-video is-provider-youtube wp-block-embed-youtube wp-embed-aspect-16-9 wp-has-aspect-ratio\"><div class=\"wp-block-embed__wrapper\">\n<iframe title=\"AntiVirMan REMAKE\" width=\"1170\" height=\"658\" src=\"https:\/\/www.youtube.com\/embed\/fLYBOcKybxo?feature=oembed\" frameborder=\"0\" allow=\"accelerometer; autoplay; clipboard-write; encrypted-media; gyroscope; picture-in-picture\" allowfullscreen><\/iframe>\n<\/div><\/figure>\n","protected":false},"excerpt":{"rendered":"<p>Team: Luk\u00e1cs D\u00f6m\u00e9ny &#8211; Program\u00e1tor\u00a0 \u00a0 \u00a0 \u00a0 \u00a0 \u00a0Filip Bajnok &#8211; [&hellip;]<\/p>\n","protected":false},"author":1,"featured_media":0,"parent":0,"menu_order":0,"comment_status":"closed","ping_status":"closed","template":"","meta":{"footnotes":""},"categories":[],"tags":[],"class_list":["post-990","page","type-page","status-publish","hentry"],"_links":{"self":[{"href":"https:\/\/tedigames.sk\/system\/wp-json\/wp\/v2\/pages\/990","targetHints":{"allow":["GET"]}}],"collection":[{"href":"https:\/\/tedigames.sk\/system\/wp-json\/wp\/v2\/pages"}],"about":[{"href":"https:\/\/tedigames.sk\/system\/wp-json\/wp\/v2\/types\/page"}],"author":[{"embeddable":true,"href":"https:\/\/tedigames.sk\/system\/wp-json\/wp\/v2\/users\/1"}],"replies":[{"embeddable":true,"href":"https:\/\/tedigames.sk\/system\/wp-json\/wp\/v2\/comments?post=990"}],"version-history":[{"count":0,"href":"https:\/\/tedigames.sk\/system\/wp-json\/wp\/v2\/pages\/990\/revisions"}],"wp:attachment":[{"href":"https:\/\/tedigames.sk\/system\/wp-json\/wp\/v2\/media?parent=990"}],"wp:term":[{"taxonomy":"category","embeddable":true,"href":"https:\/\/tedigames.sk\/system\/wp-json\/wp\/v2\/categories?post=990"},{"taxonomy":"post_tag","embeddable":true,"href":"https:\/\/tedigames.sk\/system\/wp-json\/wp\/v2\/tags?post=990"}],"curies":[{"name":"wp","href":"https:\/\/api.w.org\/{rel}","templated":true}]}}