{"id":988,"date":"2021-06-24T10:38:53","date_gmt":"2021-06-24T08:38:53","guid":{"rendered":"https:\/\/tedigames.sk\/system\/?page_id=988"},"modified":"2021-06-27T10:14:53","modified_gmt":"2021-06-27T08:14:53","slug":"emotions","status":"publish","type":"page","link":"https:\/\/tedigames.sk\/system\/emotions\/","title":{"rendered":"Emotions"},"content":{"rendered":"\n<p>Team: <br><a href=\"https:\/\/tedigames.sk\/system\/members\/ivan-zelichovsky\/\">Ivan \u017delichovsk\u00fd<\/a> &#8211; Program\u00e1tor\u00a0\u00a0 \u00a0 \u00a0 \u00a0 \u00a0 \u00a0<br><a href=\"https:\/\/tedigames.sk\/system\/members\/lukacs-domeny\/\">Luk\u00e1cs D\u00f6m\u00e9ny<\/a> &#8211; Program\u00e1tor\u00a0\u00a0 \u00a0 \u00a0 \u00a0 \u00a0 \u00a0<br>Milan Nejedl\u00edk &#8211; Zvuk\u00a0\u00a0 \u00a0 \u00a0 \u00a0 \u00a0 \u00a0<br>Ter\u00e9zia Kov\u00e1\u010dikov\u00e1 &#8211; Grafika, Zvuk<br><br>Popis hry:\u00a02D platformovkana \u0161t\u00fdl bullet hell. Hlavn\u00e1 postava bojuje proti zl\u00fdm em\u00f3ciam. Pri boss s\u00faboji sa men\u00ed etapa bossa pod\u013ea zn\u00e1zornen\u00fdch em\u00f3cii sa daj\u00fa tieto etapy rozl\u00ed\u0161i\u0165. Pod\u013ea etapy bossa sa men\u00ed hudba, stre\u013eba, pohyb, kamikaze nepriate\u013eov,healovanie, power up nesmrte\u013enosti.\u00a0\u00a0<\/p>\n\n\n\n<figure class=\"wp-block-embed is-type-video is-provider-youtube wp-block-embed-youtube wp-embed-aspect-16-9 wp-has-aspect-ratio\"><div class=\"wp-block-embed__wrapper\">\n<iframe title=\"Emotions\" width=\"1170\" height=\"658\" src=\"https:\/\/www.youtube.com\/embed\/eZTsL5XiGFM?feature=oembed\" frameborder=\"0\" allow=\"accelerometer; autoplay; clipboard-write; encrypted-media; gyroscope; picture-in-picture\" allowfullscreen><\/iframe>\n<\/div><\/figure>\n","protected":false},"excerpt":{"rendered":"<p>Team: Ivan \u017delichovsk\u00fd &#8211; Program\u00e1tor\u00a0\u00a0 \u00a0 \u00a0 \u00a0 \u00a0 \u00a0Luk\u00e1cs D\u00f6m\u00e9ny &#8211; [&hellip;]<\/p>\n","protected":false},"author":1,"featured_media":0,"parent":0,"menu_order":0,"comment_status":"closed","ping_status":"closed","template":"","meta":{"footnotes":""},"categories":[],"tags":[],"class_list":["post-988","page","type-page","status-publish","hentry"],"_links":{"self":[{"href":"https:\/\/tedigames.sk\/system\/wp-json\/wp\/v2\/pages\/988","targetHints":{"allow":["GET"]}}],"collection":[{"href":"https:\/\/tedigames.sk\/system\/wp-json\/wp\/v2\/pages"}],"about":[{"href":"https:\/\/tedigames.sk\/system\/wp-json\/wp\/v2\/types\/page"}],"author":[{"embeddable":true,"href":"https:\/\/tedigames.sk\/system\/wp-json\/wp\/v2\/users\/1"}],"replies":[{"embeddable":true,"href":"https:\/\/tedigames.sk\/system\/wp-json\/wp\/v2\/comments?post=988"}],"version-history":[{"count":0,"href":"https:\/\/tedigames.sk\/system\/wp-json\/wp\/v2\/pages\/988\/revisions"}],"wp:attachment":[{"href":"https:\/\/tedigames.sk\/system\/wp-json\/wp\/v2\/media?parent=988"}],"wp:term":[{"taxonomy":"category","embeddable":true,"href":"https:\/\/tedigames.sk\/system\/wp-json\/wp\/v2\/categories?post=988"},{"taxonomy":"post_tag","embeddable":true,"href":"https:\/\/tedigames.sk\/system\/wp-json\/wp\/v2\/tags?post=988"}],"curies":[{"name":"wp","href":"https:\/\/api.w.org\/{rel}","templated":true}]}}