{"id":948,"date":"2021-06-18T15:43:03","date_gmt":"2021-06-18T13:43:03","guid":{"rendered":"https:\/\/tedigames.sk\/system\/?page_id=948"},"modified":"2021-06-19T08:59:27","modified_gmt":"2021-06-19T06:59:27","slug":"members","status":"publish","type":"page","link":"https:\/\/tedigames.sk\/system\/members\/","title":{"rendered":"Members of TEDI Games:"},"content":{"rendered":"<div class=\"wp-block-oik-sb-children\"><ul class=\"wp-block-oik-sb-children\"><li class=\"page_item page-item-943\"><a href=\"https:\/\/tedigames.sk\/system\/members\/adam-kysler\/\">Adam Kysler<\/a><\/li>\n<li class=\"page_item page-item-951\"><a href=\"https:\/\/tedigames.sk\/system\/members\/barbora-sidikova\/\">Barbora \u0160id\u00edkov\u00e1<\/a><\/li>\n<li class=\"page_item page-item-945\"><a href=\"https:\/\/tedigames.sk\/system\/members\/bence-berta\/\">Bence Berta<\/a><\/li>\n<li class=\"page_item page-item-971\"><a href=\"https:\/\/tedigames.sk\/system\/members\/boris-bezchleba\/\">Boris Bezchleba<\/a><\/li>\n<li class=\"page_item page-item-967\"><a href=\"https:\/\/tedigames.sk\/system\/members\/bystrik-novak\/\">Bystr\u00edk Nov\u00e1k<\/a><\/li>\n<li class=\"page_item page-item-928\"><a href=\"https:\/\/tedigames.sk\/system\/members\/dalibor-bartos\/\">Dalibor Barto\u0161<\/a><\/li>\n<li class=\"page_item page-item-1002\"><a href=\"https:\/\/tedigames.sk\/system\/members\/ivan-zelichovsky\/\">Ivan \u017delichovsk\u00fd<\/a><\/li>\n<li class=\"page_item page-item-937\"><a href=\"https:\/\/tedigames.sk\/system\/members\/juraj-konecny\/\">Juraj Kone\u010dn\u00fd<\/a><\/li>\n<li class=\"page_item page-item-930\"><a href=\"https:\/\/tedigames.sk\/system\/members\/juraj-mikula\/\">Juraj Mikula<\/a><\/li>\n<li class=\"page_item page-item-999\"><a href=\"https:\/\/tedigames.sk\/system\/members\/lukacs-domeny\/\">Luk\u00e1cs D\u00f6m\u00e9ny<\/a><\/li>\n<li class=\"page_item page-item-933\"><a href=\"https:\/\/tedigames.sk\/system\/members\/martina-kobeticova\/\">Martina Kobeti\u010dov\u00e1<\/a><\/li>\n<li class=\"page_item page-item-932\"><a href=\"https:\/\/tedigames.sk\/system\/members\/matej-vrzgula\/\">Matej Vrzgula<\/a><\/li>\n<li class=\"page_item page-item-929\"><a href=\"https:\/\/tedigames.sk\/system\/members\/michal-bartos\/\">Michal Barto\u0161<\/a><\/li>\n<li class=\"page_item page-item-931\"><a href=\"https:\/\/tedigames.sk\/system\/members\/michal-kabat\/\">Michal Kab\u00e1t<\/a><\/li>\n<li class=\"page_item page-item-942\"><a href=\"https:\/\/tedigames.sk\/system\/members\/peter-pagac\/\">Peter Pag\u00e1\u010d<\/a><\/li>\n<li class=\"page_item page-item-965\"><a href=\"https:\/\/tedigames.sk\/system\/members\/peter-striz\/\">Peter Str\u00ed\u017e<\/a><\/li>\n<li class=\"page_item page-item-325\"><a href=\"https:\/\/tedigames.sk\/system\/members\/samuel-michelko\/\">Samuel Michelko<\/a><\/li>\n<li class=\"page_item page-item-935\"><a href=\"https:\/\/tedigames.sk\/system\/members\/tomas-fusko\/\">Tom\u00e1\u0161 Fusko<\/a><\/li>\n<li class=\"page_item page-item-936\"><a href=\"https:\/\/tedigames.sk\/system\/members\/tomas-sonlajtner\/\">Tom\u00e1\u0161 Sonlajtner<\/a><\/li>\n<li class=\"page_item page-item-939\"><a href=\"https:\/\/tedigames.sk\/system\/members\/tomas-zlatovsky\/\">Tom\u00e1\u0161 Zlatovsk\u00fd<\/a><\/li>\n<\/ul><\/div>","protected":false},"excerpt":{"rendered":"","protected":false},"author":1,"featured_media":0,"parent":0,"menu_order":0,"comment_status":"closed","ping_status":"closed","template":"page-templates\/page_fullwidth.php","meta":{"footnotes":""},"categories":[],"tags":[],"class_list":["post-948","page","type-page","status-publish","hentry"],"_links":{"self":[{"href":"https:\/\/tedigames.sk\/system\/wp-json\/wp\/v2\/pages\/948","targetHints":{"allow":["GET"]}}],"collection":[{"href":"https:\/\/tedigames.sk\/system\/wp-json\/wp\/v2\/pages"}],"about":[{"href":"https:\/\/tedigames.sk\/system\/wp-json\/wp\/v2\/types\/page"}],"author":[{"embeddable":true,"href":"https:\/\/tedigames.sk\/system\/wp-json\/wp\/v2\/users\/1"}],"replies":[{"embeddable":true,"href":"https:\/\/tedigames.sk\/system\/wp-json\/wp\/v2\/comments?post=948"}],"version-history":[{"count":0,"href":"https:\/\/tedigames.sk\/system\/wp-json\/wp\/v2\/pages\/948\/revisions"}],"wp:attachment":[{"href":"https:\/\/tedigames.sk\/system\/wp-json\/wp\/v2\/media?parent=948"}],"wp:term":[{"taxonomy":"category","embeddable":true,"href":"https:\/\/tedigames.sk\/system\/wp-json\/wp\/v2\/categories?post=948"},{"taxonomy":"post_tag","embeddable":true,"href":"https:\/\/tedigames.sk\/system\/wp-json\/wp\/v2\/tags?post=948"}],"curies":[{"name":"wp","href":"https:\/\/api.w.org\/{rel}","templated":true}]}}