{"id":918,"date":"2021-05-23T19:58:53","date_gmt":"2021-05-23T17:58:53","guid":{"rendered":"https:\/\/tedigames.sk\/system\/?page_id=918"},"modified":"2021-06-19T08:07:22","modified_gmt":"2021-06-19T06:07:22","slug":"naughty-nudist-heroes","status":"publish","type":"page","link":"https:\/\/tedigames.sk\/system\/naughty-nudist-heroes\/","title":{"rendered":"Naughty Nudist Heroes"},"content":{"rendered":"\n<p>Hra vytvorena na FMK TEDI Game jame #21. , 19-23.maj 2021  [<a href=\"https:\/\/dexus5.itch.io\/naughty-nudist-heroes\" data-type=\"URL\" data-id=\"https:\/\/dexus5.itch.io\/naughty-nudist-heroes\">DOWNLOAD<\/a>]<\/p>\n\n\n\n<p>** CODE &amp; DESIGN **<br><a href=\"https:\/\/tedigames.sk\/system\/members\/dalibor-bartos\/\">Dalibor Barto\u0161<\/a><\/p>\n\n\n\n<p>** Sound **<br>Krist\u00edna Vare\u010dkov\u00e1<br><a href=\"https:\/\/tedigames.sk\/system\/members\/michal-bartos\/\">Michal Barto\u0161<\/a><\/p>\n\n\n\n<p>** GFX **<br>Alexander Horv\u00e1th<br><a href=\"https:\/\/tedigames.sk\/system\/members\/michal-bartos\/\">Michal Barto\u0161<\/a><\/p>\n\n\n\n<figure class=\"wp-block-embed is-type-video is-provider-youtube wp-block-embed-youtube wp-embed-aspect-16-9 wp-has-aspect-ratio\"><div class=\"wp-block-embed__wrapper\">\n<iframe title=\"Naughty Nudist Heroes - Gameplay (60FPS)\" width=\"1170\" height=\"878\" src=\"https:\/\/www.youtube.com\/embed\/KY9RnYEDKlw?feature=oembed\" frameborder=\"0\" allow=\"accelerometer; autoplay; clipboard-write; encrypted-media; gyroscope; picture-in-picture\" allowfullscreen><\/iframe>\n<\/div><\/figure>\n","protected":false},"excerpt":{"rendered":"<p>Hra vytvorena na FMK TEDI Game jame #21. , 19-23.maj 2021 [DOWNLOAD] [&hellip;]<\/p>\n","protected":false},"author":1,"featured_media":0,"parent":0,"menu_order":0,"comment_status":"closed","ping_status":"closed","template":"page-templates\/page_fullwidth.php","meta":{"footnotes":""},"categories":[],"tags":[],"class_list":["post-918","page","type-page","status-publish","hentry"],"_links":{"self":[{"href":"https:\/\/tedigames.sk\/system\/wp-json\/wp\/v2\/pages\/918","targetHints":{"allow":["GET"]}}],"collection":[{"href":"https:\/\/tedigames.sk\/system\/wp-json\/wp\/v2\/pages"}],"about":[{"href":"https:\/\/tedigames.sk\/system\/wp-json\/wp\/v2\/types\/page"}],"author":[{"embeddable":true,"href":"https:\/\/tedigames.sk\/system\/wp-json\/wp\/v2\/users\/1"}],"replies":[{"embeddable":true,"href":"https:\/\/tedigames.sk\/system\/wp-json\/wp\/v2\/comments?post=918"}],"version-history":[{"count":0,"href":"https:\/\/tedigames.sk\/system\/wp-json\/wp\/v2\/pages\/918\/revisions"}],"wp:attachment":[{"href":"https:\/\/tedigames.sk\/system\/wp-json\/wp\/v2\/media?parent=918"}],"wp:term":[{"taxonomy":"category","embeddable":true,"href":"https:\/\/tedigames.sk\/system\/wp-json\/wp\/v2\/categories?post=918"},{"taxonomy":"post_tag","embeddable":true,"href":"https:\/\/tedigames.sk\/system\/wp-json\/wp\/v2\/tags?post=918"}],"curies":[{"name":"wp","href":"https:\/\/api.w.org\/{rel}","templated":true}]}}