{"id":900,"date":"2021-01-31T19:46:55","date_gmt":"2021-01-31T17:46:55","guid":{"rendered":"https:\/\/tedigames.sk\/system\/?page_id=900"},"modified":"2021-06-19T08:06:29","modified_gmt":"2021-06-19T06:06:29","slug":"comatose","status":"publish","type":"page","link":"https:\/\/tedigames.sk\/system\/comatose\/","title":{"rendered":"Comatose"},"content":{"rendered":"\n<p>Created at Global Game Jam 2021 (Trnava Game Jam 2021) , 27 &#8211; 31 January 2021.<\/p>\n\n\n\n<div class=\"wp-block-image\"><figure class=\"alignright size-medium\"><img fetchpriority=\"high\" decoding=\"async\" width=\"300\" height=\"169\" src=\"https:\/\/tedigames.sk\/system\/wp-content\/uploads\/2021\/01\/vJfnf-300x169.png\" alt=\"\" class=\"wp-image-901\" srcset=\"https:\/\/tedigames.sk\/system\/wp-content\/uploads\/2021\/01\/vJfnf-300x169.png 300w, https:\/\/tedigames.sk\/system\/wp-content\/uploads\/2021\/01\/vJfnf-1024x576.png 1024w, https:\/\/tedigames.sk\/system\/wp-content\/uploads\/2021\/01\/vJfnf-768x432.png 768w, https:\/\/tedigames.sk\/system\/wp-content\/uploads\/2021\/01\/vJfnf-1536x864.png 1536w, https:\/\/tedigames.sk\/system\/wp-content\/uploads\/2021\/01\/vJfnf-830x467.png 830w, https:\/\/tedigames.sk\/system\/wp-content\/uploads\/2021\/01\/vJfnf-230x129.png 230w, https:\/\/tedigames.sk\/system\/wp-content\/uploads\/2021\/01\/vJfnf-350x197.png 350w, https:\/\/tedigames.sk\/system\/wp-content\/uploads\/2021\/01\/vJfnf-480x270.png 480w, https:\/\/tedigames.sk\/system\/wp-content\/uploads\/2021\/01\/vJfnf.png 1920w\" sizes=\"(max-width: 300px) 100vw, 300px\" \/><\/figure><\/div>\n\n\n\n<p>Comatose is a little mysterious adventure game where you uncover your past while you are in your dreams. Your job is to find 7 fragments of your past to determine your future. Some of the fragments are good and some are bad. You need to think before doing. Enjoy!<\/p>\n\n\n\n<p>Code &#8211; <a href=\"https:\/\/tedigames.sk\/system\/members\/tomas-fusko\/\">Tom\u00e1\u0161 Fusko<\/a><br>3D &#8211; Luk\u00e1\u0161 Gra\u0161\u00far\/Tom\u00e1\u0161 Ozaniak<br>2D &#8211; \u00a0Luk\u00e1\u0161 Ozaniak<br>Audio &#8211; Ter\u00e9zia Kov\u00e1\u010dikov\u00e1<\/p>\n\n\n\n<p>DOWNLOAD : <a href=\"https:\/\/destroarmer.itch.io\/comatose\">https:\/\/destroarmer.itch.io\/comatose<\/a><\/p>\n","protected":false},"excerpt":{"rendered":"<p>Created at Global Game Jam 2021 (Trnava Game Jam 2021) , 27 [&hellip;]<\/p>\n","protected":false},"author":1,"featured_media":0,"parent":0,"menu_order":0,"comment_status":"closed","ping_status":"closed","template":"page-templates\/page_fullwidth.php","meta":{"footnotes":""},"categories":[],"tags":[],"class_list":["post-900","page","type-page","status-publish","hentry"],"_links":{"self":[{"href":"https:\/\/tedigames.sk\/system\/wp-json\/wp\/v2\/pages\/900","targetHints":{"allow":["GET"]}}],"collection":[{"href":"https:\/\/tedigames.sk\/system\/wp-json\/wp\/v2\/pages"}],"about":[{"href":"https:\/\/tedigames.sk\/system\/wp-json\/wp\/v2\/types\/page"}],"author":[{"embeddable":true,"href":"https:\/\/tedigames.sk\/system\/wp-json\/wp\/v2\/users\/1"}],"replies":[{"embeddable":true,"href":"https:\/\/tedigames.sk\/system\/wp-json\/wp\/v2\/comments?post=900"}],"version-history":[{"count":0,"href":"https:\/\/tedigames.sk\/system\/wp-json\/wp\/v2\/pages\/900\/revisions"}],"wp:attachment":[{"href":"https:\/\/tedigames.sk\/system\/wp-json\/wp\/v2\/media?parent=900"}],"wp:term":[{"taxonomy":"category","embeddable":true,"href":"https:\/\/tedigames.sk\/system\/wp-json\/wp\/v2\/categories?post=900"},{"taxonomy":"post_tag","embeddable":true,"href":"https:\/\/tedigames.sk\/system\/wp-json\/wp\/v2\/tags?post=900"}],"curies":[{"name":"wp","href":"https:\/\/api.w.org\/{rel}","templated":true}]}}