{"id":874,"date":"2020-11-09T09:46:49","date_gmt":"2020-11-09T07:46:49","guid":{"rendered":"https:\/\/tedigames.sk\/system\/?page_id=874"},"modified":"2021-06-19T08:06:11","modified_gmt":"2021-06-19T06:06:11","slug":"fakespotting","status":"publish","type":"page","link":"https:\/\/tedigames.sk\/system\/fakespotting\/","title":{"rendered":"FakeSpotting"},"content":{"rendered":"\n<p>Hra vytvoren\u00e1 na Bratislava Game Jam 2020, ktor\u00fd sa konal online v rozmedz\u00ed 6 a\u017e 8 Nov 2020.<br>Cie\u013eom hry je rozozna\u0165 upraven\u00e9 \u010dasti historick\u00fdch fotografi\u00ed a upraven\u00e9 miesto nahradi\u0165 origin\u00e1lnym elementom. Hra poskytuje aj historick\u00fd kontext ku ka\u017edej fotografii vo forme textu, hovoren\u00e9ho slova a linku na wikipediu, kde sa hr\u00e1\u010d m\u00f4\u017ee o danej fotografii dozvedie\u0165 viac.<\/p>\n\n\n\n<div class=\"wp-block-image is-style-default\"><figure class=\"alignleft size-large is-resized\"><img decoding=\"async\" src=\"https:\/\/tedigames.sk\/system\/wp-content\/uploads\/2020\/11\/121256712_5115018485190446_6226720110309524307_n.png\" alt=\"\" class=\"wp-image-880\" width=\"199\" height=\"199\" srcset=\"https:\/\/tedigames.sk\/system\/wp-content\/uploads\/2020\/11\/121256712_5115018485190446_6226720110309524307_n.png 488w, https:\/\/tedigames.sk\/system\/wp-content\/uploads\/2020\/11\/121256712_5115018485190446_6226720110309524307_n-300x300.png 300w, https:\/\/tedigames.sk\/system\/wp-content\/uploads\/2020\/11\/121256712_5115018485190446_6226720110309524307_n-150x150.png 150w, https:\/\/tedigames.sk\/system\/wp-content\/uploads\/2020\/11\/121256712_5115018485190446_6226720110309524307_n-230x230.png 230w, https:\/\/tedigames.sk\/system\/wp-content\/uploads\/2020\/11\/121256712_5115018485190446_6226720110309524307_n-350x350.png 350w, https:\/\/tedigames.sk\/system\/wp-content\/uploads\/2020\/11\/121256712_5115018485190446_6226720110309524307_n-480x480.png 480w\" sizes=\"(max-width: 199px) 100vw, 199px\" \/><figcaption>Na\u0161a hra skon\u010dila prv\u00e1 v hlasovan\u00ed medzi \u00fa\u010dastn\u00edkmi <a href=\"https:\/\/itch.io\/jam\/bratislava-game-jam-2020\">Bratislava Game Jamu.<\/a><\/figcaption><\/figure><\/div>\n\n\n\n<p>Na tvorbe sa podielali:<\/p>\n\n\n\n<p><strong><a href=\"https:\/\/tedigames.sk\/system\/members\/dalibor-bartos\/\">Dalibor Barto\u0161<\/a><\/strong> &#8211; code&amp;design<br><strong><a href=\"https:\/\/tedigames.sk\/system\/members\/michal-kabat\/\">Michal Kab\u00e1t<\/a><\/strong> &#8211; 2D assets, gfx design<br><strong><a href=\"https:\/\/tedigames.sk\/system\/members\/matej-vrzgula\/\">Matej Vrzgula<\/a><\/strong> &#8211; 2D assets<br><strong>Roland Mur\u00e1\u0148<\/strong> &#8211; 2D assets<br><br><a href=\"https:\/\/dexus5.itch.io\/fakespotting\">DOWNLOAD<\/a><\/p>\n\n\n\n<figure class=\"wp-block-embed aligncenter is-type-video is-provider-youtube wp-block-embed-youtube wp-embed-aspect-16-9 wp-has-aspect-ratio\"><div class=\"wp-block-embed__wrapper\">\n<iframe title=\"FakeSpotting - (Bratislava Game Jam 2020 entery)\" width=\"1170\" height=\"658\" src=\"https:\/\/www.youtube.com\/embed\/_Ax2N7Avn_w?feature=oembed\" frameborder=\"0\" allow=\"accelerometer; autoplay; clipboard-write; encrypted-media; gyroscope; picture-in-picture\" allowfullscreen><\/iframe>\n<\/div><\/figure>\n\n\n\n<div class=\"wp-block-image\"><figure class=\"aligncenter size-large\"><img fetchpriority=\"high\" decoding=\"async\" width=\"958\" height=\"537\" src=\"https:\/\/tedigames.sk\/system\/wp-content\/uploads\/2020\/11\/dsadsa.jpg\" alt=\"\" class=\"wp-image-875\" srcset=\"https:\/\/tedigames.sk\/system\/wp-content\/uploads\/2020\/11\/dsadsa.jpg 958w, https:\/\/tedigames.sk\/system\/wp-content\/uploads\/2020\/11\/dsadsa-300x168.jpg 300w, https:\/\/tedigames.sk\/system\/wp-content\/uploads\/2020\/11\/dsadsa-768x430.jpg 768w, https:\/\/tedigames.sk\/system\/wp-content\/uploads\/2020\/11\/dsadsa-830x465.jpg 830w, https:\/\/tedigames.sk\/system\/wp-content\/uploads\/2020\/11\/dsadsa-230x129.jpg 230w, https:\/\/tedigames.sk\/system\/wp-content\/uploads\/2020\/11\/dsadsa-350x196.jpg 350w, https:\/\/tedigames.sk\/system\/wp-content\/uploads\/2020\/11\/dsadsa-480x269.jpg 480w\" sizes=\"(max-width: 958px) 100vw, 958px\" \/><\/figure><\/div>\n\n\n\n<div class=\"wp-block-image\"><figure class=\"aligncenter size-large\"><img decoding=\"async\" width=\"960\" height=\"536\" src=\"https:\/\/tedigames.sk\/system\/wp-content\/uploads\/2020\/11\/fakery.jpg\" alt=\"\" class=\"wp-image-876\" srcset=\"https:\/\/tedigames.sk\/system\/wp-content\/uploads\/2020\/11\/fakery.jpg 960w, https:\/\/tedigames.sk\/system\/wp-content\/uploads\/2020\/11\/fakery-300x168.jpg 300w, https:\/\/tedigames.sk\/system\/wp-content\/uploads\/2020\/11\/fakery-768x429.jpg 768w, https:\/\/tedigames.sk\/system\/wp-content\/uploads\/2020\/11\/fakery-830x463.jpg 830w, https:\/\/tedigames.sk\/system\/wp-content\/uploads\/2020\/11\/fakery-230x128.jpg 230w, https:\/\/tedigames.sk\/system\/wp-content\/uploads\/2020\/11\/fakery-350x195.jpg 350w, https:\/\/tedigames.sk\/system\/wp-content\/uploads\/2020\/11\/fakery-480x268.jpg 480w\" sizes=\"(max-width: 960px) 100vw, 960px\" \/><\/figure><\/div>\n\n\n\n<div class=\"wp-block-media-text alignwide is-stacked-on-mobile\"><figure class=\"wp-block-media-text__media\"><\/figure><div class=\"wp-block-media-text__content\">\n<p class=\"has-large-font-size\"><\/p>\n<\/div><\/div>\n","protected":false},"excerpt":{"rendered":"<p>Hra vytvoren\u00e1 na Bratislava Game Jam 2020, ktor\u00fd sa konal online v [&hellip;]<\/p>\n","protected":false},"author":1,"featured_media":0,"parent":0,"menu_order":0,"comment_status":"closed","ping_status":"closed","template":"page-templates\/page_fullwidth.php","meta":{"footnotes":""},"categories":[],"tags":[],"class_list":["post-874","page","type-page","status-publish","hentry"],"_links":{"self":[{"href":"https:\/\/tedigames.sk\/system\/wp-json\/wp\/v2\/pages\/874","targetHints":{"allow":["GET"]}}],"collection":[{"href":"https:\/\/tedigames.sk\/system\/wp-json\/wp\/v2\/pages"}],"about":[{"href":"https:\/\/tedigames.sk\/system\/wp-json\/wp\/v2\/types\/page"}],"author":[{"embeddable":true,"href":"https:\/\/tedigames.sk\/system\/wp-json\/wp\/v2\/users\/1"}],"replies":[{"embeddable":true,"href":"https:\/\/tedigames.sk\/system\/wp-json\/wp\/v2\/comments?post=874"}],"version-history":[{"count":0,"href":"https:\/\/tedigames.sk\/system\/wp-json\/wp\/v2\/pages\/874\/revisions"}],"wp:attachment":[{"href":"https:\/\/tedigames.sk\/system\/wp-json\/wp\/v2\/media?parent=874"}],"wp:term":[{"taxonomy":"category","embeddable":true,"href":"https:\/\/tedigames.sk\/system\/wp-json\/wp\/v2\/categories?post=874"},{"taxonomy":"post_tag","embeddable":true,"href":"https:\/\/tedigames.sk\/system\/wp-json\/wp\/v2\/tags?post=874"}],"curies":[{"name":"wp","href":"https:\/\/api.w.org\/{rel}","templated":true}]}}