{"id":833,"date":"2020-05-04T18:59:25","date_gmt":"2020-05-04T16:59:25","guid":{"rendered":"https:\/\/tedigames.sk\/system\/?page_id=833"},"modified":"2021-06-19T08:04:36","modified_gmt":"2021-06-19T06:04:36","slug":"coffe-overdose","status":"publish","type":"page","link":"https:\/\/tedigames.sk\/system\/coffe-overdose\/","title":{"rendered":"Coffe Overdose"},"content":{"rendered":"\n<p>Hra vytvoren\u00e1 na TEDI game jame v \u010dasovom horizonte 1-3 m\u00e1j 2020.<\/p>\n\n\n\n<p>Na tvorbe sa podielali:<\/p>\n\n\n\n<p>Filip Ducky &#8211; 2D\/3D grafika<br>Ludmila Dani\u0161ova &#8211; 3D grafika<br>Peter Kubas &#8211; Zvuk a hudba<br>Jakub Poljovka &#8211; Marketing &amp; Testing<br><a href=\"https:\/\/tedigames.sk\/system\/members\/michal-bartos\/\">Michal Barto\u0161<\/a> &#8211; Asset management<br><a href=\"https:\/\/tedigames.sk\/system\/members\/dalibor-bartos\/\">Dalibor Barto\u0161<\/a> &#8211; Code &amp; Design<\/p>\n\n\n\n<figure class=\"wp-block-embed is-type-video is-provider-youtube wp-block-embed-youtube wp-embed-aspect-16-9 wp-has-aspect-ratio\"><div class=\"wp-block-embed__wrapper\">\n<iframe title=\"Coffe Overdose (created at TEDI Game jam)\" width=\"1170\" height=\"658\" src=\"https:\/\/www.youtube.com\/embed\/8fdI4oD0_Kg?feature=oembed\" frameborder=\"0\" allow=\"accelerometer; autoplay; encrypted-media; gyroscope; picture-in-picture\" allowfullscreen><\/iframe>\n<\/div><\/figure>\n","protected":false},"excerpt":{"rendered":"<p>Hra vytvoren\u00e1 na TEDI game jame v \u010dasovom horizonte 1-3 m\u00e1j 2020. [&hellip;]<\/p>\n","protected":false},"author":1,"featured_media":0,"parent":0,"menu_order":0,"comment_status":"closed","ping_status":"closed","template":"page-templates\/page_fullwidth.php","meta":{"footnotes":""},"categories":[],"tags":[],"class_list":["post-833","page","type-page","status-publish","hentry"],"_links":{"self":[{"href":"https:\/\/tedigames.sk\/system\/wp-json\/wp\/v2\/pages\/833","targetHints":{"allow":["GET"]}}],"collection":[{"href":"https:\/\/tedigames.sk\/system\/wp-json\/wp\/v2\/pages"}],"about":[{"href":"https:\/\/tedigames.sk\/system\/wp-json\/wp\/v2\/types\/page"}],"author":[{"embeddable":true,"href":"https:\/\/tedigames.sk\/system\/wp-json\/wp\/v2\/users\/1"}],"replies":[{"embeddable":true,"href":"https:\/\/tedigames.sk\/system\/wp-json\/wp\/v2\/comments?post=833"}],"version-history":[{"count":0,"href":"https:\/\/tedigames.sk\/system\/wp-json\/wp\/v2\/pages\/833\/revisions"}],"wp:attachment":[{"href":"https:\/\/tedigames.sk\/system\/wp-json\/wp\/v2\/media?parent=833"}],"wp:term":[{"taxonomy":"category","embeddable":true,"href":"https:\/\/tedigames.sk\/system\/wp-json\/wp\/v2\/categories?post=833"},{"taxonomy":"post_tag","embeddable":true,"href":"https:\/\/tedigames.sk\/system\/wp-json\/wp\/v2\/tags?post=833"}],"curies":[{"name":"wp","href":"https:\/\/api.w.org\/{rel}","templated":true}]}}