{"id":803,"date":"2020-02-11T11:20:27","date_gmt":"2020-02-11T09:20:27","guid":{"rendered":"https:\/\/tedigames.sk\/system\/?page_id=803"},"modified":"2021-06-19T08:01:32","modified_gmt":"2021-06-19T06:01:32","slug":"nuclear-rising","status":"publish","type":"page","link":"https:\/\/tedigames.sk\/system\/nuclear-rising\/","title":{"rendered":"Nuclear Rising"},"content":{"rendered":"\n<p>You are a scientist from future sent back in time by corporate to change the past. Your ultimate goal is to hold temperature of power plant under control and prevent it from explosion for 5 minutes, till local experts come and take care of it! It&#8217;s a 3d platform sidescroller set in past with some radioactive magic!<\/p>\n\n\n\n<p>This game was created on Global Game Jam 2020 within 48 hours!&nbsp;<\/p>\n\n\n\n<p>31. 1. &#8211; 2.2.2020<\/p>\n\n\n\n<p>Programmer &#8211; <a href=\"https:\/\/tedigames.sk\/system\/members\/tomas-fusko\/\">Tom\u00e1\u0161 Fusko<\/a><br>Graphic Designers &#8211; Ivan Frankovsk\u00fd<br>\u00a0\u00a0\u00a0\u00a0\u00a0\u00a0\u00a0\u00a0\u00a0\u00a0\u00a0\u00a0\u00a0\u00a0\u00a0\u00a0\u00a0\u00a0\u00a0\u00a0\u00a0\u00a0\u00a0\u00a0\u00a0\u00a0\u00a0\u00a0\u00a0\u00a0\u00a0\u00a0\u00a0 &#8211; Filip \u0160ut\u00fd<br>\u00a0\u00a0\u00a0\u00a0\u00a0\u00a0\u00a0\u00a0\u00a0\u00a0\u00a0\u00a0\u00a0\u00a0\u00a0\u00a0\u00a0\u00a0\u00a0\u00a0\u00a0\u00a0\u00a0\u00a0\u00a0\u00a0\u00a0\u00a0\u00a0\u00a0\u00a0\u00a0\u00a0 &#8211; Stanislava Bal\u00e1\u017eov\u00e1<br>Level Design\u00a0\u00a0\u00a0\u00a0\u00a0\u00a0\u00a0\u00a0\u00a0\u00a0 &#8211; <a href=\"https:\/\/tedigames.sk\/system\/members\/tomas-sonlajtner\/\">Tom\u00e1\u0161 Sonlajtner<\/a><br>Sound\u00a0\u00a0\u00a0\u00a0\u00a0\u00a0\u00a0\u00a0\u00a0\u00a0\u00a0\u00a0\u00a0\u00a0\u00a0\u00a0\u00a0\u00a0\u00a0\u00a0\u00a0 &#8211; Lenka Gomb\u00e1rov\u00e1<\/p>\n\n\n\n<p><\/p>\n\n\n\n<figure class=\"wp-block-image size-large\"><img fetchpriority=\"high\" decoding=\"async\" width=\"354\" height=\"251\" src=\"https:\/\/tedigames.sk\/system\/wp-content\/uploads\/2020\/02\/splash.jpg\" alt=\"\" class=\"wp-image-804\" srcset=\"https:\/\/tedigames.sk\/system\/wp-content\/uploads\/2020\/02\/splash.jpg 354w, https:\/\/tedigames.sk\/system\/wp-content\/uploads\/2020\/02\/splash-300x213.jpg 300w, https:\/\/tedigames.sk\/system\/wp-content\/uploads\/2020\/02\/splash-230x163.jpg 230w, https:\/\/tedigames.sk\/system\/wp-content\/uploads\/2020\/02\/splash-350x248.jpg 350w\" sizes=\"(max-width: 354px) 100vw, 354px\" \/><\/figure>\n\n\n\n<p>Download :  <a href=\"https:\/\/globalgamejam.org\/2020\/games\/nuclear-rising-3\">https:\/\/globalgamejam.org\/2020\/games\/nuclear-rising-3<\/a> <\/p>\n","protected":false},"excerpt":{"rendered":"<p>You are a scientist from future sent back in time by corporate [&hellip;]<\/p>\n","protected":false},"author":1,"featured_media":0,"parent":0,"menu_order":0,"comment_status":"closed","ping_status":"closed","template":"page-templates\/page_fullwidth.php","meta":{"footnotes":""},"categories":[],"tags":[],"class_list":["post-803","page","type-page","status-publish","hentry"],"_links":{"self":[{"href":"https:\/\/tedigames.sk\/system\/wp-json\/wp\/v2\/pages\/803","targetHints":{"allow":["GET"]}}],"collection":[{"href":"https:\/\/tedigames.sk\/system\/wp-json\/wp\/v2\/pages"}],"about":[{"href":"https:\/\/tedigames.sk\/system\/wp-json\/wp\/v2\/types\/page"}],"author":[{"embeddable":true,"href":"https:\/\/tedigames.sk\/system\/wp-json\/wp\/v2\/users\/1"}],"replies":[{"embeddable":true,"href":"https:\/\/tedigames.sk\/system\/wp-json\/wp\/v2\/comments?post=803"}],"version-history":[{"count":0,"href":"https:\/\/tedigames.sk\/system\/wp-json\/wp\/v2\/pages\/803\/revisions"}],"wp:attachment":[{"href":"https:\/\/tedigames.sk\/system\/wp-json\/wp\/v2\/media?parent=803"}],"wp:term":[{"taxonomy":"category","embeddable":true,"href":"https:\/\/tedigames.sk\/system\/wp-json\/wp\/v2\/categories?post=803"},{"taxonomy":"post_tag","embeddable":true,"href":"https:\/\/tedigames.sk\/system\/wp-json\/wp\/v2\/tags?post=803"}],"curies":[{"name":"wp","href":"https:\/\/api.w.org\/{rel}","templated":true}]}}