{"id":795,"date":"2020-02-11T11:00:41","date_gmt":"2020-02-11T09:00:41","guid":{"rendered":"https:\/\/tedigames.sk\/system\/?page_id=795"},"modified":"2021-06-19T07:45:34","modified_gmt":"2021-06-19T05:45:34","slug":"ekomon","status":"publish","type":"page","link":"https:\/\/tedigames.sk\/system\/ekomon\/","title":{"rendered":"Ekomon"},"content":{"rendered":"\n<p>( 8.4.2018 ) Ekomon was created for education purposes as University project. It&#8217;s AR game for mobile phones \/ tablets running Android and iOS operating systems. Ultimate goal of this game is to learn young kids to be aware of pollution around them on streets, parks and learn them how to be more eco-friendly.&nbsp;<\/p>\n\n\n\n<p>As a player, you are owner of small ekomon monster. Your goal is to take pictures of trash (virtual and real one) on the ground. Than you will earn points for finding a trash, whitch your ekomon can eat and level up. When you take picture of a real trash, you also get bonus experience points. If u take picture of trash in sachet + picture of waste bin \/ trash bin, you can earn double experience points and cosmetic item from waste bin\u2026 yes it&#8217;s a loot box and save station!<br>Target audience are young students of primary school and everybody, who want this planet to be really green!<br><br>Created by: <a href=\"https:\/\/tedigames.sk\/system\/members\/tomas-sonlajtner\/\">Tom\u00e1\u0161 Sonlajtner<\/a>, Tom\u00e1\u0161 Guba, J\u00e1n Mare\u0161, Martin Kus\u00fd<br><\/p>\n\n\n\n<figure class=\"wp-block-image size-large\"><img fetchpriority=\"high\" decoding=\"async\" width=\"1024\" height=\"640\" src=\"https:\/\/tedigames.sk\/system\/wp-content\/uploads\/2020\/02\/Ekomon1-1024x640.jpg\" alt=\"\" class=\"wp-image-796\" srcset=\"https:\/\/tedigames.sk\/system\/wp-content\/uploads\/2020\/02\/Ekomon1-1024x640.jpg 1024w, https:\/\/tedigames.sk\/system\/wp-content\/uploads\/2020\/02\/Ekomon1-300x188.jpg 300w, https:\/\/tedigames.sk\/system\/wp-content\/uploads\/2020\/02\/Ekomon1-768x480.jpg 768w, https:\/\/tedigames.sk\/system\/wp-content\/uploads\/2020\/02\/Ekomon1-830x519.jpg 830w, https:\/\/tedigames.sk\/system\/wp-content\/uploads\/2020\/02\/Ekomon1-230x144.jpg 230w, https:\/\/tedigames.sk\/system\/wp-content\/uploads\/2020\/02\/Ekomon1-350x219.jpg 350w, https:\/\/tedigames.sk\/system\/wp-content\/uploads\/2020\/02\/Ekomon1-480x300.jpg 480w, https:\/\/tedigames.sk\/system\/wp-content\/uploads\/2020\/02\/Ekomon1.jpg 1384w\" sizes=\"(max-width: 1024px) 100vw, 1024px\" \/><\/figure>\n\n\n\n<figure class=\"wp-block-image size-large\"><img decoding=\"async\" width=\"1024\" height=\"640\" src=\"https:\/\/tedigames.sk\/system\/wp-content\/uploads\/2020\/02\/Ekomon2-1024x640.jpg\" alt=\"\" class=\"wp-image-797\" srcset=\"https:\/\/tedigames.sk\/system\/wp-content\/uploads\/2020\/02\/Ekomon2-1024x640.jpg 1024w, https:\/\/tedigames.sk\/system\/wp-content\/uploads\/2020\/02\/Ekomon2-300x188.jpg 300w, https:\/\/tedigames.sk\/system\/wp-content\/uploads\/2020\/02\/Ekomon2-768x480.jpg 768w, https:\/\/tedigames.sk\/system\/wp-content\/uploads\/2020\/02\/Ekomon2-830x519.jpg 830w, https:\/\/tedigames.sk\/system\/wp-content\/uploads\/2020\/02\/Ekomon2-230x144.jpg 230w, https:\/\/tedigames.sk\/system\/wp-content\/uploads\/2020\/02\/Ekomon2-350x219.jpg 350w, https:\/\/tedigames.sk\/system\/wp-content\/uploads\/2020\/02\/Ekomon2-480x300.jpg 480w, https:\/\/tedigames.sk\/system\/wp-content\/uploads\/2020\/02\/Ekomon2.jpg 1384w\" sizes=\"(max-width: 1024px) 100vw, 1024px\" \/><\/figure>\n\n\n\n<figure class=\"wp-block-image size-large\"><img decoding=\"async\" width=\"1024\" height=\"640\" src=\"https:\/\/tedigames.sk\/system\/wp-content\/uploads\/2020\/02\/Ekomon3-1024x640.jpg\" alt=\"\" class=\"wp-image-798\" srcset=\"https:\/\/tedigames.sk\/system\/wp-content\/uploads\/2020\/02\/Ekomon3-1024x640.jpg 1024w, https:\/\/tedigames.sk\/system\/wp-content\/uploads\/2020\/02\/Ekomon3-300x188.jpg 300w, https:\/\/tedigames.sk\/system\/wp-content\/uploads\/2020\/02\/Ekomon3-768x480.jpg 768w, https:\/\/tedigames.sk\/system\/wp-content\/uploads\/2020\/02\/Ekomon3-830x519.jpg 830w, https:\/\/tedigames.sk\/system\/wp-content\/uploads\/2020\/02\/Ekomon3-230x144.jpg 230w, https:\/\/tedigames.sk\/system\/wp-content\/uploads\/2020\/02\/Ekomon3-350x219.jpg 350w, https:\/\/tedigames.sk\/system\/wp-content\/uploads\/2020\/02\/Ekomon3-480x300.jpg 480w, https:\/\/tedigames.sk\/system\/wp-content\/uploads\/2020\/02\/Ekomon3.jpg 1384w\" sizes=\"(max-width: 1024px) 100vw, 1024px\" \/><\/figure>\n","protected":false},"excerpt":{"rendered":"<p>( 8.4.2018 ) Ekomon was created for education purposes as University project. [&hellip;]<\/p>\n","protected":false},"author":1,"featured_media":0,"parent":0,"menu_order":0,"comment_status":"closed","ping_status":"closed","template":"page-templates\/page_fullwidth.php","meta":{"footnotes":""},"categories":[],"tags":[],"class_list":["post-795","page","type-page","status-publish","hentry"],"_links":{"self":[{"href":"https:\/\/tedigames.sk\/system\/wp-json\/wp\/v2\/pages\/795","targetHints":{"allow":["GET"]}}],"collection":[{"href":"https:\/\/tedigames.sk\/system\/wp-json\/wp\/v2\/pages"}],"about":[{"href":"https:\/\/tedigames.sk\/system\/wp-json\/wp\/v2\/types\/page"}],"author":[{"embeddable":true,"href":"https:\/\/tedigames.sk\/system\/wp-json\/wp\/v2\/users\/1"}],"replies":[{"embeddable":true,"href":"https:\/\/tedigames.sk\/system\/wp-json\/wp\/v2\/comments?post=795"}],"version-history":[{"count":0,"href":"https:\/\/tedigames.sk\/system\/wp-json\/wp\/v2\/pages\/795\/revisions"}],"wp:attachment":[{"href":"https:\/\/tedigames.sk\/system\/wp-json\/wp\/v2\/media?parent=795"}],"wp:term":[{"taxonomy":"category","embeddable":true,"href":"https:\/\/tedigames.sk\/system\/wp-json\/wp\/v2\/categories?post=795"},{"taxonomy":"post_tag","embeddable":true,"href":"https:\/\/tedigames.sk\/system\/wp-json\/wp\/v2\/tags?post=795"}],"curies":[{"name":"wp","href":"https:\/\/api.w.org\/{rel}","templated":true}]}}