{"id":771,"date":"2019-12-12T15:37:26","date_gmt":"2019-12-12T13:37:26","guid":{"rendered":"https:\/\/tedigames.sk\/system\/?page_id=771"},"modified":"2021-06-19T08:22:36","modified_gmt":"2021-06-19T06:22:36","slug":"new-member","status":"publish","type":"page","link":"https:\/\/tedigames.sk\/system\/new-member\/","title":{"rendered":"New member &#038; FAQ"},"content":{"rendered":"\t\t<div data-elementor-type=\"wp-page\" data-elementor-id=\"771\" class=\"elementor elementor-771\">\n\t\t\t\t\t\t<section class=\"elementor-section elementor-top-section elementor-element elementor-element-4a62428 elementor-section-boxed elementor-section-height-default elementor-section-height-default\" data-id=\"4a62428\" data-element_type=\"section\" data-e-type=\"section\">\n\t\t\t\t\t\t<div class=\"elementor-container elementor-column-gap-default\">\n\t\t\t\t\t<div class=\"elementor-column elementor-col-100 elementor-top-column elementor-element elementor-element-d16b247\" data-id=\"d16b247\" data-element_type=\"column\" data-e-type=\"column\">\n\t\t\t<div class=\"elementor-widget-wrap elementor-element-populated\">\n\t\t\t\t\t\t<div class=\"elementor-element elementor-element-ba19284 elementor-widget elementor-widget-text-editor\" data-id=\"ba19284\" data-element_type=\"widget\" data-e-type=\"widget\" data-widget_type=\"text-editor.default\">\n\t\t\t\t<div class=\"elementor-widget-container\">\n\t\t\t\t\t\t\t\t\t<p><strong>\u010co z\u00edska \u010dlen TEDI Games ?<\/strong><\/p>\n<ul>\n<li>\u0161irok\u00fa <b>medi\u00e1lnu expoz\u00edciu<\/b><\/li>\n<li>portf\u00f3lio, potrebn\u00e9 pre profesion\u00e1lny postup<\/li>\n<li><b>kolekt\u00edv <\/b>nad\u0161encov pre tvorbu hier<\/li>\n<li>inform\u00e1cie zo <b>z\u00e1kulisia hernej sf\u00e9ry<\/b> na slovensku<\/li>\n<li><b>exkluz\u00edvne <\/b>pr\u00edstupy na prest\u00ed\u017ene <b>podujatia<\/b> v r\u00e1mci hern\u00e9ho priemyslu.<\/li>\n<li>podporu od sk\u00fasen\u00fdch <b>veter\u00e1nov <\/b>z bran\u017ee<\/li>\n<li><b>podporu <\/b>od pedag\u00f3gov<\/li>\n<\/ul>\n<p><strong>Ak\u00e9 s\u00fa povinnosti \u010dlena TEDI Games ?<\/strong><\/p>\n<ul>\n<li>pri tvorbe dodr\u017ea\u0165 licencie assetov (attribution, purchase)<\/li>\n<li>udr\u017eiava\u0165 a roz\u0161irova\u0165 dob\u00e9 meno TEDI Games<\/li>\n<\/ul>\n<p><strong>Ako sa sta\u0165 \u010dlenom ?<\/strong><\/p>\n<ul>\n<li>ide\u00e1lne je osobn\u00e9 stretnutie na podujatiach Game Jam<\/li>\n<li>odosla\u0165 svoju foto a kr\u00e1tky osobn\u00fd popis na <b>dexus5(at)dexus5.com <\/b>alebo <b>studio(at)tedigames.sk&nbsp;<\/b><\/li>\n<li>ak u\u017e si pracoval(a) na nejakej hre a chce\u0161 sa \u0148ou pochv\u00e1li\u0165, po\u0161li link na inform\u00e1cie o hre, bude priraden\u00e1 do zoznamu<\/li>\n<li>\u010dlenovia svojou aplik\u00e1ciou do TEDI Games s\u00fahlasia s uverejnen\u00edm svojich osobn\u00fdch inform\u00e1ci\u00ed ako je meno a fotografia<\/li>\n<\/ul>\n<p>FAQ:<\/p>\n<p><b>Q:<\/b> Ak vytvor\u00edm hru na Game Jame pod logom TEDI Games, patr\u00ed t\u00e1to hra TEDI Games alebo m\u00e1m na \u0148u pln\u00e9 pr\u00e1va?<br><b>A:<\/b> V zmysle autorsk\u00e9ho z\u00e1kona nieje mo\u017en\u00e9 odobra\u0165 autorstvo a ka\u017ed\u00fd tvorca zost\u00e1va pln\u00fdm majite\u013eom vytvoren\u00e9ho diela. <br>A v\u0161ak TEDI Games si vyhradzuje pr\u00e1vo V\u00e1\u0161 produkt medializova\u0165 a pou\u017e\u00edva\u0165 k \u010fal\u0161ej propag\u00e1cii TEDI Games a ich \u010dlenov.<\/p>\n<p><strong>Q:<\/strong> Som neakt\u00edvny, budem vyhoden\u00fd z TEDI Games?<br><strong>A:<\/strong> Nie, \u010dlenstvo nie je podmienen\u00e9 aktivitou.<\/p>\n<p><strong>Q:<\/strong> Ko\u013eko sa plat\u00ed a ako \u010dasto ?<br><strong>A:<\/strong> \u010clenstvo v TEDI Games nie je podmienen\u00e9 platbou, je dobrovo\u013en\u00e9<\/p>\n<p><strong>Q:<\/strong> Vytvoril som viacero projektov mimo TEDI Games, m\u00f4\u017eete mi ich prida\u0165 do profilu?<br><strong>A:<\/strong> Samozrejme, sta\u010di ke\u010f po\u0161le\u0161 zoznam projektov, na ktor\u00fdch si v minulosti pracoval<\/p>\n<p><strong>Q:<\/strong> Ak u\u017e nechcem by\u0165 s\u00fa\u010das\u0165ou TEDI Games \u010do teraz?<br><strong>A:<\/strong> Nap\u00ed\u0161 na hore uveden\u00fd e-mail a tvoj profil bude odstr\u00e1nen\u00fd zo str\u00e1nky<\/p>\t\t\t\t\t\t\t\t<\/div>\n\t\t\t\t<\/div>\n\t\t\t\t\t<\/div>\n\t\t<\/div>\n\t\t\t\t\t<\/div>\n\t\t<\/section>\n\t\t\t\t<\/div>\n\t\t","protected":false},"excerpt":{"rendered":"<p>\u010co z\u00edska \u010dlen TEDI Games ? \u0161irok\u00fa medi\u00e1lnu expoz\u00edciu portf\u00f3lio, potrebn\u00e9 pre [&hellip;]<\/p>\n","protected":false},"author":1,"featured_media":0,"parent":0,"menu_order":0,"comment_status":"closed","ping_status":"closed","template":"page-templates\/page_fullwidth.php","meta":{"footnotes":""},"categories":[],"tags":[],"class_list":["post-771","page","type-page","status-publish","hentry"],"_links":{"self":[{"href":"https:\/\/tedigames.sk\/system\/wp-json\/wp\/v2\/pages\/771","targetHints":{"allow":["GET"]}}],"collection":[{"href":"https:\/\/tedigames.sk\/system\/wp-json\/wp\/v2\/pages"}],"about":[{"href":"https:\/\/tedigames.sk\/system\/wp-json\/wp\/v2\/types\/page"}],"author":[{"embeddable":true,"href":"https:\/\/tedigames.sk\/system\/wp-json\/wp\/v2\/users\/1"}],"replies":[{"embeddable":true,"href":"https:\/\/tedigames.sk\/system\/wp-json\/wp\/v2\/comments?post=771"}],"version-history":[{"count":0,"href":"https:\/\/tedigames.sk\/system\/wp-json\/wp\/v2\/pages\/771\/revisions"}],"wp:attachment":[{"href":"https:\/\/tedigames.sk\/system\/wp-json\/wp\/v2\/media?parent=771"}],"wp:term":[{"taxonomy":"category","embeddable":true,"href":"https:\/\/tedigames.sk\/system\/wp-json\/wp\/v2\/categories?post=771"},{"taxonomy":"post_tag","embeddable":true,"href":"https:\/\/tedigames.sk\/system\/wp-json\/wp\/v2\/tags?post=771"}],"curies":[{"name":"wp","href":"https:\/\/api.w.org\/{rel}","templated":true}]}}