{"id":726,"date":"2019-11-11T15:44:54","date_gmt":"2019-11-11T13:44:54","guid":{"rendered":"https:\/\/tedigames.sk\/system\/?page_id=726"},"modified":"2021-06-19T07:59:52","modified_gmt":"2021-06-19T05:59:52","slug":"kukth","status":"publish","type":"page","link":"https:\/\/tedigames.sk\/system\/kukth\/","title":{"rendered":"Kukth"},"content":{"rendered":"\n<p>T\u00edm TEDI Games &#8211; (Hollywood Cerise) v zostave <a href=\"https:\/\/tedigames.sk\/system\/members\/dalibor-bartos\/\">Dalibor Barto\u0161<\/a>, <a href=\"https:\/\/tedigames.sk\/system\/members\/juraj-mikula\/\">Juraj Mikula<\/a>, <a href=\"https:\/\/tedigames.sk\/system\/members\/matej-vrzgula\/\">Matej Vrzgula<\/a> a <a href=\"https:\/\/tedigames.sk\/system\/members\/michal-kabat\/\">Michal Kab\u00e1t<\/a> sa z\u00fa\u010dastnili ka\u017eoro\u010dn\u00e9ho podujatia Bratislava Game Jam. <\/p>\n\n\n\n<p>Pre tento rok bola usporiadate\u013emi zvolen\u00e1 t\u00e9ma &#8222;\u017divot v dunajsk\u00fdch lu\u017en\u00fdch lesoch&#8220;<br>Jamu sa z\u00fa\u010dastnilo sa 19 \u0161tvor \u010dlenn\u00fdch t\u00edmov. Aj ke\u010f n\u00e1\u0161 v\u00fdtvor porotu neoslovil a neobsadili sme \u017eiadne p\u00f3diov\u00e9 miesto, tak sme sa skvelo zabavili v pr\u00edjemnom prostred\u00ed. <\/p>\n\n\n\n<figure class=\"wp-block-embed is-type-video is-provider-youtube wp-block-embed-youtube wp-embed-aspect-16-9 wp-has-aspect-ratio\"><div class=\"wp-block-embed__wrapper\">\n<iframe title=\"Kukth - (@ Bratislava Game Jam 2019)\" width=\"1170\" height=\"658\" src=\"https:\/\/www.youtube.com\/embed\/4wlIyHJ-Aio?feature=oembed\" frameborder=\"0\" allow=\"accelerometer; autoplay; encrypted-media; gyroscope; picture-in-picture\" allowfullscreen><\/iframe>\n<\/div><\/figure>\n\n\n\n<div class=\"wp-block-image\"><figure class=\"aligncenter is-resized\"><img fetchpriority=\"high\" decoding=\"async\" src=\"https:\/\/tedigames.sk\/system\/wp-content\/uploads\/2019\/11\/20191110_170728-1024x576.jpg\" alt=\"\" class=\"wp-image-728\" width=\"723\" height=\"406\" srcset=\"https:\/\/tedigames.sk\/system\/wp-content\/uploads\/2019\/11\/20191110_170728-1024x576.jpg 1024w, https:\/\/tedigames.sk\/system\/wp-content\/uploads\/2019\/11\/20191110_170728-300x169.jpg 300w, https:\/\/tedigames.sk\/system\/wp-content\/uploads\/2019\/11\/20191110_170728-768x432.jpg 768w, https:\/\/tedigames.sk\/system\/wp-content\/uploads\/2019\/11\/20191110_170728-830x467.jpg 830w, https:\/\/tedigames.sk\/system\/wp-content\/uploads\/2019\/11\/20191110_170728-230x129.jpg 230w, https:\/\/tedigames.sk\/system\/wp-content\/uploads\/2019\/11\/20191110_170728-350x197.jpg 350w, https:\/\/tedigames.sk\/system\/wp-content\/uploads\/2019\/11\/20191110_170728-480x270.jpg 480w\" sizes=\"(max-width: 723px) 100vw, 723px\" \/><\/figure><\/div>\n","protected":false},"excerpt":{"rendered":"<p>T\u00edm TEDI Games &#8211; (Hollywood Cerise) v zostave Dalibor Barto\u0161, Juraj Mikula, [&hellip;]<\/p>\n","protected":false},"author":1,"featured_media":0,"parent":0,"menu_order":0,"comment_status":"closed","ping_status":"closed","template":"page-templates\/page_fullwidth.php","meta":{"footnotes":""},"categories":[],"tags":[],"class_list":["post-726","page","type-page","status-publish","hentry"],"_links":{"self":[{"href":"https:\/\/tedigames.sk\/system\/wp-json\/wp\/v2\/pages\/726","targetHints":{"allow":["GET"]}}],"collection":[{"href":"https:\/\/tedigames.sk\/system\/wp-json\/wp\/v2\/pages"}],"about":[{"href":"https:\/\/tedigames.sk\/system\/wp-json\/wp\/v2\/types\/page"}],"author":[{"embeddable":true,"href":"https:\/\/tedigames.sk\/system\/wp-json\/wp\/v2\/users\/1"}],"replies":[{"embeddable":true,"href":"https:\/\/tedigames.sk\/system\/wp-json\/wp\/v2\/comments?post=726"}],"version-history":[{"count":0,"href":"https:\/\/tedigames.sk\/system\/wp-json\/wp\/v2\/pages\/726\/revisions"}],"wp:attachment":[{"href":"https:\/\/tedigames.sk\/system\/wp-json\/wp\/v2\/media?parent=726"}],"wp:term":[{"taxonomy":"category","embeddable":true,"href":"https:\/\/tedigames.sk\/system\/wp-json\/wp\/v2\/categories?post=726"},{"taxonomy":"post_tag","embeddable":true,"href":"https:\/\/tedigames.sk\/system\/wp-json\/wp\/v2\/tags?post=726"}],"curies":[{"name":"wp","href":"https:\/\/api.w.org\/{rel}","templated":true}]}}