{"id":704,"date":"2019-11-04T10:50:49","date_gmt":"2019-11-04T08:50:49","guid":{"rendered":"http:\/\/tedigames.sk\/system\/?page_id=704"},"modified":"2021-06-19T07:24:28","modified_gmt":"2021-06-19T05:24:28","slug":"tedi-game-jam-7","status":"publish","type":"page","link":"https:\/\/tedigames.sk\/system\/tedi-game-jam-7\/","title":{"rendered":"TEDI Game Jam #7"},"content":{"rendered":"\n<p>1.nov &#8211; 3nov. 2019<\/p>\n\n\n\n<p>As a young boy, you are alone in cemetery trying to find your grandma&#8217;s memorial and place 5 candles there. Those candles are randomly set in randomly generated cemetery and every time you try to complete this game, you will get a different experience!<br><\/p>\n\n\n\n<p>This game was created on school game jam within 48 hours!&nbsp;<br><br><\/p>\n\n\n\n<p>Kevin Andok, <a href=\"https:\/\/tedigames.sk\/system\/members\/tomas-sonlajtner\/\">Tom\u00e1\u0161 Sonlajtner<\/a>, Lenka Gomb\u00e1rov\u00e1, Marek Kubov, Jozef Dubsk\u00fd<br><\/p>\n\n\n\n<figure class=\"wp-block-image size-large\"><img fetchpriority=\"high\" decoding=\"async\" width=\"1024\" height=\"576\" src=\"https:\/\/tedigames.sk\/system\/wp-content\/uploads\/2020\/02\/screen1-1024x576.jpg\" alt=\"\" class=\"wp-image-800\" srcset=\"https:\/\/tedigames.sk\/system\/wp-content\/uploads\/2020\/02\/screen1-1024x576.jpg 1024w, https:\/\/tedigames.sk\/system\/wp-content\/uploads\/2020\/02\/screen1-300x169.jpg 300w, https:\/\/tedigames.sk\/system\/wp-content\/uploads\/2020\/02\/screen1-768x432.jpg 768w, https:\/\/tedigames.sk\/system\/wp-content\/uploads\/2020\/02\/screen1-1536x864.jpg 1536w, https:\/\/tedigames.sk\/system\/wp-content\/uploads\/2020\/02\/screen1-830x467.jpg 830w, https:\/\/tedigames.sk\/system\/wp-content\/uploads\/2020\/02\/screen1-230x129.jpg 230w, https:\/\/tedigames.sk\/system\/wp-content\/uploads\/2020\/02\/screen1-350x197.jpg 350w, https:\/\/tedigames.sk\/system\/wp-content\/uploads\/2020\/02\/screen1-480x270.jpg 480w, https:\/\/tedigames.sk\/system\/wp-content\/uploads\/2020\/02\/screen1.jpg 1920w\" sizes=\"(max-width: 1024px) 100vw, 1024px\" \/><\/figure>\n\n\n\n<figure class=\"wp-block-image size-large\"><img decoding=\"async\" width=\"1024\" height=\"576\" src=\"https:\/\/tedigames.sk\/system\/wp-content\/uploads\/2020\/02\/screen3-1024x576.jpg\" alt=\"\" class=\"wp-image-801\" srcset=\"https:\/\/tedigames.sk\/system\/wp-content\/uploads\/2020\/02\/screen3-1024x576.jpg 1024w, https:\/\/tedigames.sk\/system\/wp-content\/uploads\/2020\/02\/screen3-300x169.jpg 300w, https:\/\/tedigames.sk\/system\/wp-content\/uploads\/2020\/02\/screen3-768x432.jpg 768w, https:\/\/tedigames.sk\/system\/wp-content\/uploads\/2020\/02\/screen3-1536x864.jpg 1536w, https:\/\/tedigames.sk\/system\/wp-content\/uploads\/2020\/02\/screen3-830x467.jpg 830w, https:\/\/tedigames.sk\/system\/wp-content\/uploads\/2020\/02\/screen3-230x129.jpg 230w, https:\/\/tedigames.sk\/system\/wp-content\/uploads\/2020\/02\/screen3-350x197.jpg 350w, https:\/\/tedigames.sk\/system\/wp-content\/uploads\/2020\/02\/screen3-480x270.jpg 480w, https:\/\/tedigames.sk\/system\/wp-content\/uploads\/2020\/02\/screen3.jpg 1920w\" sizes=\"(max-width: 1024px) 100vw, 1024px\" \/><\/figure>\n\n\n\n<figure class=\"wp-block-image size-large\"><img decoding=\"async\" width=\"832\" height=\"468\" src=\"https:\/\/tedigames.sk\/system\/wp-content\/uploads\/2020\/02\/You_did_it-1.jpg\" alt=\"\" class=\"wp-image-802\" srcset=\"https:\/\/tedigames.sk\/system\/wp-content\/uploads\/2020\/02\/You_did_it-1.jpg 832w, https:\/\/tedigames.sk\/system\/wp-content\/uploads\/2020\/02\/You_did_it-1-300x169.jpg 300w, https:\/\/tedigames.sk\/system\/wp-content\/uploads\/2020\/02\/You_did_it-1-768x432.jpg 768w, https:\/\/tedigames.sk\/system\/wp-content\/uploads\/2020\/02\/You_did_it-1-830x467.jpg 830w, https:\/\/tedigames.sk\/system\/wp-content\/uploads\/2020\/02\/You_did_it-1-230x129.jpg 230w, https:\/\/tedigames.sk\/system\/wp-content\/uploads\/2020\/02\/You_did_it-1-350x197.jpg 350w, https:\/\/tedigames.sk\/system\/wp-content\/uploads\/2020\/02\/You_did_it-1-480x270.jpg 480w\" sizes=\"(max-width: 832px) 100vw, 832px\" \/><\/figure>\n","protected":false},"excerpt":{"rendered":"<p>1.nov &#8211; 3nov. 2019 As a young boy, you are alone in [&hellip;]<\/p>\n","protected":false},"author":1,"featured_media":0,"parent":0,"menu_order":0,"comment_status":"closed","ping_status":"closed","template":"page-templates\/page_fullwidth.php","meta":{"footnotes":""},"categories":[],"tags":[],"class_list":["post-704","page","type-page","status-publish","hentry"],"_links":{"self":[{"href":"https:\/\/tedigames.sk\/system\/wp-json\/wp\/v2\/pages\/704","targetHints":{"allow":["GET"]}}],"collection":[{"href":"https:\/\/tedigames.sk\/system\/wp-json\/wp\/v2\/pages"}],"about":[{"href":"https:\/\/tedigames.sk\/system\/wp-json\/wp\/v2\/types\/page"}],"author":[{"embeddable":true,"href":"https:\/\/tedigames.sk\/system\/wp-json\/wp\/v2\/users\/1"}],"replies":[{"embeddable":true,"href":"https:\/\/tedigames.sk\/system\/wp-json\/wp\/v2\/comments?post=704"}],"version-history":[{"count":0,"href":"https:\/\/tedigames.sk\/system\/wp-json\/wp\/v2\/pages\/704\/revisions"}],"wp:attachment":[{"href":"https:\/\/tedigames.sk\/system\/wp-json\/wp\/v2\/media?parent=704"}],"wp:term":[{"taxonomy":"category","embeddable":true,"href":"https:\/\/tedigames.sk\/system\/wp-json\/wp\/v2\/categories?post=704"},{"taxonomy":"post_tag","embeddable":true,"href":"https:\/\/tedigames.sk\/system\/wp-json\/wp\/v2\/tags?post=704"}],"curies":[{"name":"wp","href":"https:\/\/api.w.org\/{rel}","templated":true}]}}