{"id":702,"date":"2019-11-03T22:30:41","date_gmt":"2019-11-03T20:30:41","guid":{"rendered":"http:\/\/tedigames.sk\/system\/?page_id=702"},"modified":"2021-06-19T07:25:33","modified_gmt":"2021-06-19T05:25:33","slug":"tedi-game-jam-6","status":"publish","type":"page","link":"https:\/\/tedigames.sk\/system\/tedi-game-jam-6\/","title":{"rendered":"TEDI Game Jam #6"},"content":{"rendered":"\t\t<div data-elementor-type=\"wp-page\" data-elementor-id=\"702\" class=\"elementor elementor-702\">\n\t\t\t\t\t\t<section class=\"elementor-section elementor-top-section elementor-element elementor-element-f002c79 elementor-section-boxed elementor-section-height-default elementor-section-height-default\" data-id=\"f002c79\" data-element_type=\"section\" data-e-type=\"section\">\n\t\t\t\t\t\t<div class=\"elementor-container elementor-column-gap-default\">\n\t\t\t\t\t<div class=\"elementor-column elementor-col-100 elementor-top-column elementor-element elementor-element-6904a7f\" data-id=\"6904a7f\" data-element_type=\"column\" data-e-type=\"column\">\n\t\t\t<div class=\"elementor-widget-wrap elementor-element-populated\">\n\t\t\t\t\t\t<div class=\"elementor-element elementor-element-735593d elementor-widget elementor-widget-text-editor\" data-id=\"735593d\" data-element_type=\"widget\" data-e-type=\"widget\" data-widget_type=\"text-editor.default\">\n\t\t\t\t<div class=\"elementor-widget-container\">\n\t\t\t\t\t\t\t\t\t<p>(10-13.oct.2019)<\/p>\n<p>people&#8217;s choice awards : My Medicine<\/p>\n<p>\u00a0<\/p>\t\t\t\t\t\t\t\t<\/div>\n\t\t\t\t<\/div>\n\t\t\t\t\t<\/div>\n\t\t<\/div>\n\t\t\t\t\t<\/div>\n\t\t<\/section>\n\t\t\t\t<section class=\"elementor-section elementor-top-section elementor-element elementor-element-38bdf9ea elementor-section-boxed elementor-section-height-default elementor-section-height-default\" data-id=\"38bdf9ea\" data-element_type=\"section\" data-e-type=\"section\">\n\t\t\t\t\t\t<div class=\"elementor-container elementor-column-gap-default\">\n\t\t\t\t\t<div class=\"elementor-column elementor-col-100 elementor-top-column elementor-element elementor-element-2c3d2b7d\" data-id=\"2c3d2b7d\" data-element_type=\"column\" data-e-type=\"column\">\n\t\t\t<div class=\"elementor-widget-wrap elementor-element-populated\">\n\t\t\t\t\t\t<div class=\"elementor-element elementor-element-377d2fb elementor-widget elementor-widget-text-editor\" data-id=\"377d2fb\" data-element_type=\"widget\" data-e-type=\"widget\" data-widget_type=\"text-editor.default\">\n\t\t\t\t<div class=\"elementor-widget-container\">\n\t\t\t\t\t\t\t\t\t<p><\/p>\n<div>\n<figure><img decoding=\"async\" src=\"https:\/\/img.itch.zone\/aW1nLzI1ODExNDUucG5n\/original\/ssPndC.png\" alt=\"\"><p><\/p>\n<figcaption> <a href=\"http:\/\/tedigames.sk\/system\/wp-admin\/post.php?post=684&amp;action=edit\">Banana Quest \u2013 Mystical Banana Camp<\/a> <br><\/figcaption>\n<\/figure>\n<\/div>\n<p><\/p>\n<p><\/p>\n<div>\n<figure><img decoding=\"async\" src=\"https:\/\/img.itch.zone\/aW1nLzI1ODExNzQucG5n\/original\/IgpNrY.png\" alt=\"\"><p><\/p>\n<figcaption>DDI: Drunk Dance Island<\/figcaption>\n<\/figure>\n<\/div>\n<p><\/p>\n<p><\/p>\n<div>\n<figure><img decoding=\"async\" src=\"https:\/\/img.itch.zone\/aW1nLzI1ODExOTQucG5n\/original\/Ph5G%2Fd.png\" alt=\"\"><p><\/p>\n<figcaption>Gopnik Slayer &#8211; Secret Hammer Madness<br> Gopnik Slayer is a VR game made during a gamejam. It supports Oculus rift. The main goal is to hit heads of bad gopnik&#8217;s during the song. The game is missing a lot of features, as it was made during gamejam. <\/figcaption>\n<\/figure>\n<\/div>\n<p><\/p>\n<p><\/p>\n<figure><img decoding=\"async\" src=\"https:\/\/img.itch.zone\/aW1nLzI1ODEyMzgucG5n\/original\/RDwT7o.png\" alt=\"\"><p><\/p>\n<figcaption>My Medicine<\/figcaption>\n<\/figure>\n<p><\/p>\n<p><\/p>\n<div>\n<figure><img decoding=\"async\" src=\"https:\/\/img.itch.zone\/aW1hZ2UvNDk5MDE2LzI1ODEyMDAucG5n\/original\/ujv4%2BF.png\" alt=\"\"><p><\/p>\n<figcaption>Robo Escape<\/figcaption>\n<figcaption><span style=\"color: rgb(0, 0, 0); font-size: medium;\"><p><\/p>\n<p dir=\"ltr\" style=\"line-height: 1.38; margin-top: 0pt; margin-bottom: 0pt;\"><span style=\"font-size: 11pt; font-family: Arial; background-color: transparent; font-variant-numeric: normal; font-variant-east-asian: normal; vertical-align: baseline; white-space: pre-wrap;\">As a robot who just suddenly woke up in factory, realise that colony on mars is collapsing and electric storm is rising from the ground. Your ultimate goal in this third person adventure climbing simulator, is to find a path from ground level of city to the top of the highest tower. There is control switch that cut power off from generators, which are powering up this unstable, continuously rising electric storm and save your Robo life!<\/span><\/p>\n<p><br><\/p>\n<p dir=\"ltr\" style=\"line-height: 1.38; margin-top: 0pt; margin-bottom: 0pt;\"><span style=\"font-size: 11pt; font-family: Arial; background-color: transparent; font-variant-numeric: normal; font-variant-east-asian: normal; vertical-align: baseline; white-space: pre-wrap;\">This game was created on school game jam within 48 hours!&nbsp;<\/span><\/p>\n<p><br><br><\/p>\n<p dir=\"ltr\" style=\"line-height: 1.38; margin-top: 0pt; margin-bottom: 0pt;\"><span style=\"font-size: 11pt; font-family: Arial; background-color: transparent; font-variant-numeric: normal; font-variant-east-asian: normal; vertical-align: baseline; white-space: pre-wrap;\">11.-13.10.2019<\/span><\/p>\n<p><br><\/p>\n<p dir=\"ltr\" style=\"line-height: 1.38; margin-top: 0pt; margin-bottom: 0pt;\"><span style=\"font-size: 11pt; font-family: Arial; background-color: transparent; font-variant-numeric: normal; font-variant-east-asian: normal; vertical-align: baseline; white-space: pre-wrap;\"><a href=\"https:\/\/tedigames.sk\/system\/members\/tomas-sonlajtner\/\">Tom\u00e1\u0161 Sonlaitner<\/a>, Marek Cesar\u00edk, Mat\u00fa\u0161 Doln\u00edk, Adam T\u00f3th<\/span><\/p>\n<div><span style=\"font-size: 11pt; font-family: Arial; background-color: transparent; font-variant-numeric: normal; font-variant-east-asian: normal; vertical-align: baseline; white-space: pre-wrap;\"><br><\/span><\/div>\n<div><span style=\"font-size: 11pt; font-family: Arial; background-color: transparent; font-variant-numeric: normal; font-variant-east-asian: normal; vertical-align: baseline; white-space: pre-wrap;\"><br><\/span><\/div>\n<p><\/p><\/span><\/figcaption>\n<\/figure>\n<\/div>\n<p><\/p>\n<p><\/p>\n<div>\n<figure><img decoding=\"async\" src=\"https:\/\/img.itch.zone\/aW1nLzI1ODExNzIuanBn\/347x500\/JzL7Q2.jpg\" alt=\"\"><p><\/p>\n<figcaption>Robotic Madness<\/figcaption>\n<\/figure>\n<\/div>\n<p><\/p>\n<p><\/p>\n<figure><img decoding=\"async\" src=\"https:\/\/img.itch.zone\/aW1hZ2UvNDk4OTU5LzI1ODA4NzQucG5n\/original\/7ToPf8.png\" alt=\"\"><p><\/p>\n<figcaption>Stomper: Pink Worm Magic<\/figcaption>\n<\/figure>\n<p><\/p>\t\t\t\t\t\t\t\t<\/div>\n\t\t\t\t<\/div>\n\t\t\t\t\t<\/div>\n\t\t<\/div>\n\t\t\t\t\t<\/div>\n\t\t<\/section>\n\t\t\t\t<\/div>\n\t\t","protected":false},"excerpt":{"rendered":"<p>(10-13.oct.2019) people&#8217;s choice awards : My Medicine \u00a0<\/p>\n","protected":false},"author":1,"featured_media":0,"parent":0,"menu_order":0,"comment_status":"closed","ping_status":"closed","template":"page-templates\/page_fullwidth.php","meta":{"footnotes":""},"categories":[],"tags":[],"class_list":["post-702","page","type-page","status-publish","hentry"],"_links":{"self":[{"href":"https:\/\/tedigames.sk\/system\/wp-json\/wp\/v2\/pages\/702","targetHints":{"allow":["GET"]}}],"collection":[{"href":"https:\/\/tedigames.sk\/system\/wp-json\/wp\/v2\/pages"}],"about":[{"href":"https:\/\/tedigames.sk\/system\/wp-json\/wp\/v2\/types\/page"}],"author":[{"embeddable":true,"href":"https:\/\/tedigames.sk\/system\/wp-json\/wp\/v2\/users\/1"}],"replies":[{"embeddable":true,"href":"https:\/\/tedigames.sk\/system\/wp-json\/wp\/v2\/comments?post=702"}],"version-history":[{"count":0,"href":"https:\/\/tedigames.sk\/system\/wp-json\/wp\/v2\/pages\/702\/revisions"}],"wp:attachment":[{"href":"https:\/\/tedigames.sk\/system\/wp-json\/wp\/v2\/media?parent=702"}],"wp:term":[{"taxonomy":"category","embeddable":true,"href":"https:\/\/tedigames.sk\/system\/wp-json\/wp\/v2\/categories?post=702"},{"taxonomy":"post_tag","embeddable":true,"href":"https:\/\/tedigames.sk\/system\/wp-json\/wp\/v2\/tags?post=702"}],"curies":[{"name":"wp","href":"https:\/\/api.w.org\/{rel}","templated":true}]}}