{"id":653,"date":"2019-06-10T15:12:47","date_gmt":"2019-06-10T13:12:47","guid":{"rendered":"http:\/\/tedigames.sk\/system\/?page_id=653"},"modified":"2021-06-19T07:58:58","modified_gmt":"2021-06-19T05:58:58","slug":"lag-2019","status":"publish","type":"page","link":"https:\/\/tedigames.sk\/system\/lag-2019\/","title":{"rendered":"LAG 2019"},"content":{"rendered":"\t\t<div data-elementor-type=\"wp-post\" data-elementor-id=\"653\" class=\"elementor elementor-653\">\n\t\t\t\t\t\t<section class=\"elementor-section elementor-top-section elementor-element elementor-element-039bb09 elementor-section-boxed elementor-section-height-default elementor-section-height-default\" data-id=\"039bb09\" data-element_type=\"section\" data-e-type=\"section\">\n\t\t\t\t\t\t<div class=\"elementor-container elementor-column-gap-default\">\n\t\t\t\t\t<div class=\"elementor-column elementor-col-100 elementor-top-column elementor-element elementor-element-58f1601\" data-id=\"58f1601\" data-element_type=\"column\" data-e-type=\"column\">\n\t\t\t<div class=\"elementor-widget-wrap elementor-element-populated\">\n\t\t\t\t\t\t<div class=\"elementor-element elementor-element-ecb47b6 elementor-widget elementor-widget-text-editor\" data-id=\"ecb47b6\" data-element_type=\"widget\" data-e-type=\"widget\" data-widget_type=\"text-editor.default\">\n\t\t\t\t<div class=\"elementor-widget-container\">\n\t\t\t\t\t\t\t\t\t<p><\/p>\n<p>LAG 2019 (Letnia Akademia Gier)<\/p>\n<p><\/p>\n<p><\/p>\n<p>As participants of LAG Game Jam 2019 that was held in Cieszyn we were\u00a0working together with colleagues from Czech and Polish universities on games with randomly generated names.<br \/>Members of TEDI Games had participated at large in several teams, all of the teams consisted of mixed Polish, Czech and Slovak participants.<\/p>\n<p>Teams with members of TEDI Games took two podium prizes.<\/p>\n<p>Here are the games and members that participaded:<\/p>\n<p><\/p>\n<p><\/p>\n<p><\/p>\n<p><\/p>\n<p><\/p>\t\t\t\t\t\t\t\t<\/div>\n\t\t\t\t<\/div>\n\t\t\t\t\t<\/div>\n\t\t<\/div>\n\t\t\t\t\t<\/div>\n\t\t<\/section>\n\t\t\t\t<section class=\"elementor-section elementor-top-section elementor-element elementor-element-014a661 elementor-section-boxed elementor-section-height-default elementor-section-height-default\" data-id=\"014a661\" data-element_type=\"section\" data-e-type=\"section\">\n\t\t\t\t\t\t<div class=\"elementor-container elementor-column-gap-default\">\n\t\t\t\t\t<div class=\"elementor-column elementor-col-100 elementor-top-column elementor-element elementor-element-13c441b\" data-id=\"13c441b\" data-element_type=\"column\" data-e-type=\"column\">\n\t\t\t<div class=\"elementor-widget-wrap elementor-element-populated\">\n\t\t\t\t\t\t<div class=\"elementor-element elementor-element-121bca0 elementor-tabs-view-horizontal elementor-widget elementor-widget-tabs\" data-id=\"121bca0\" data-element_type=\"widget\" data-e-type=\"widget\" data-widget_type=\"tabs.default\">\n\t\t\t\t<div class=\"elementor-widget-container\">\n\t\t\t\t\t\t\t<div class=\"elementor-tabs\">\n\t\t\t<div class=\"elementor-tabs-wrapper\" role=\"tablist\" >\n\t\t\t\t\t\t\t\t\t<div id=\"elementor-tab-title-1891\" class=\"elementor-tab-title elementor-tab-desktop-title\" aria-selected=\"true\" data-tab=\"1\" role=\"tab\" tabindex=\"0\" aria-controls=\"elementor-tab-content-1891\" aria-expanded=\"false\">TEAM ORANGE (1st place)<\/div>\n\t\t\t\t\t\t\t\t\t<div id=\"elementor-tab-title-1892\" class=\"elementor-tab-title elementor-tab-desktop-title\" aria-selected=\"false\" data-tab=\"2\" role=\"tab\" tabindex=\"-1\" aria-controls=\"elementor-tab-content-1892\" aria-expanded=\"false\">TEAM WHITE (3rd place)<\/div>\n\t\t\t\t\t\t\t\t\t<div id=\"elementor-tab-title-1893\" class=\"elementor-tab-title elementor-tab-desktop-title\" aria-selected=\"false\" data-tab=\"3\" role=\"tab\" tabindex=\"-1\" aria-controls=\"elementor-tab-content-1893\" aria-expanded=\"false\">TEAM BLACK<\/div>\n\t\t\t\t\t\t\t\t\t<div id=\"elementor-tab-title-1894\" class=\"elementor-tab-title elementor-tab-desktop-title\" aria-selected=\"false\" data-tab=\"4\" role=\"tab\" tabindex=\"-1\" aria-controls=\"elementor-tab-content-1894\" aria-expanded=\"false\">TEAM GREEN<\/div>\n\t\t\t\t\t\t\t\t\t<div id=\"elementor-tab-title-1895\" class=\"elementor-tab-title elementor-tab-desktop-title\" aria-selected=\"false\" data-tab=\"5\" role=\"tab\" tabindex=\"-1\" aria-controls=\"elementor-tab-content-1895\" aria-expanded=\"false\">TEAM PURPLE<\/div>\n\t\t\t\t\t\t\t<\/div>\n\t\t\t<div class=\"elementor-tabs-content-wrapper\" role=\"tablist\" aria-orientation=\"vertical\">\n\t\t\t\t\t\t\t\t\t<div class=\"elementor-tab-title elementor-tab-mobile-title\" aria-selected=\"true\" data-tab=\"1\" role=\"tab\" tabindex=\"0\" aria-controls=\"elementor-tab-content-1891\" aria-expanded=\"false\">TEAM ORANGE (1st place)<\/div>\n\t\t\t\t\t<div id=\"elementor-tab-content-1891\" class=\"elementor-tab-content elementor-clearfix\" data-tab=\"1\" role=\"tabpanel\" aria-labelledby=\"elementor-tab-title-1891\" tabindex=\"0\" hidden=\"false\"><p><iframe title=\"Underground Viking Roundup Gameplay Trailer - LAG 2019 team Orange\" width=\"1170\" height=\"658\" src=\"https:\/\/www.youtube.com\/embed\/D6isuJPuI20?feature=oembed\" frameborder=\"0\" allow=\"accelerometer; autoplay; encrypted-media; gyroscope; picture-in-picture\" allowfullscreen><\/iframe><\/p>\n<p><strong>GAME: Underground Viking Round-up<\/strong><br \/><strong>*** 2D assets ***<\/strong>\u00a0<br \/>Nikolas Stan\u00edk<br \/><strong>*** Code ***<\/strong>\u00a0<br \/><a href=\"https:\/\/tedigames.sk\/system\/members\/tomas-fusko\/\">Tom\u00e1\u0161 Fusko<\/a><br \/><a href=\"https:\/\/tedigames.sk\/system\/members\/samuel-michelko\/\">Samuel Michelko<\/a><\/p><\/div>\n\t\t\t\t\t\t\t\t\t<div class=\"elementor-tab-title elementor-tab-mobile-title\" aria-selected=\"false\" data-tab=\"2\" role=\"tab\" tabindex=\"-1\" aria-controls=\"elementor-tab-content-1892\" aria-expanded=\"false\">TEAM WHITE (3rd place)<\/div>\n\t\t\t\t\t<div id=\"elementor-tab-content-1892\" class=\"elementor-tab-content elementor-clearfix\" data-tab=\"2\" role=\"tabpanel\" aria-labelledby=\"elementor-tab-title-1892\" tabindex=\"0\" hidden=\"hidden\"><p><iframe title=\"Team White\" width=\"1170\" height=\"658\" src=\"https:\/\/www.youtube.com\/embed\/ppIRrQEbVsM?feature=oembed\" frameborder=\"0\" allow=\"accelerometer; autoplay; encrypted-media; gyroscope; picture-in-picture\" allowfullscreen><\/iframe><\/p>\n<p><strong>GAME:\u00a0Doom Barber: Wild west beautifician of doom<\/strong><br \/><strong>*** 2D assets ***<\/strong>\u00a0<br \/><a href=\"https:\/\/tedigames.sk\/system\/members\/tomas-zlatovsky\/\">Tom\u00e1\u0161 Zlatovsk\u00fd<\/a><br \/>Martin Kus\u00fd<br \/><strong>*** Code ***<\/strong>\u00a0<br \/><a href=\"https:\/\/tedigames.sk\/system\/members\/peter-pagac\/\">Peter Pag\u00e1\u010d\u00a0<\/a><br \/>Frederik Boldi\u0161<\/p>\n<p>\u00a0<\/p><\/div>\n\t\t\t\t\t\t\t\t\t<div class=\"elementor-tab-title elementor-tab-mobile-title\" aria-selected=\"false\" data-tab=\"3\" role=\"tab\" tabindex=\"-1\" aria-controls=\"elementor-tab-content-1893\" aria-expanded=\"false\">TEAM BLACK<\/div>\n\t\t\t\t\t<div id=\"elementor-tab-content-1893\" class=\"elementor-tab-content elementor-clearfix\" data-tab=\"3\" role=\"tabpanel\" aria-labelledby=\"elementor-tab-title-1893\" tabindex=\"0\" hidden=\"hidden\"><p><iframe title=\"Darkest Theme Park Inspector - Team Black - (LAG 2019)\" width=\"1170\" height=\"658\" src=\"https:\/\/www.youtube.com\/embed\/CxaB2pm3FO0?feature=oembed\" frameborder=\"0\" allow=\"accelerometer; autoplay; encrypted-media; gyroscope; picture-in-picture\" allowfullscreen><\/iframe><\/p>\n<p><strong>GAME: <\/strong>Darkest Theme Park Inspector<br \/><strong>*** 3D assets ***<br \/><\/strong><a href=\"https:\/\/tedigames.sk\/system\/members\/bence-berta\/\">Bence Berta\u00a0<\/a><br \/>Jozef Hojo<br \/>Mat\u00fa\u0161 Doln\u00edk<br \/><strong>*** 2D\/Level design ***<br \/><\/strong><a href=\"https:\/\/tedigames.sk\/system\/members\/martina-kobeticova\/\">Martina Kobeti\u010dov\u00e1\u00a0<\/a><br \/><strong>*** Code and game design ***<br \/><\/strong><a href=\"https:\/\/tedigames.sk\/system\/members\/dalibor-bartos\/\">Dalibor Barto\u0161<\/a><\/p><\/div>\n\t\t\t\t\t\t\t\t\t<div class=\"elementor-tab-title elementor-tab-mobile-title\" aria-selected=\"false\" data-tab=\"4\" role=\"tab\" tabindex=\"-1\" aria-controls=\"elementor-tab-content-1894\" aria-expanded=\"false\">TEAM GREEN<\/div>\n\t\t\t\t\t<div id=\"elementor-tab-content-1894\" class=\"elementor-tab-content elementor-clearfix\" data-tab=\"4\" role=\"tabpanel\" aria-labelledby=\"elementor-tab-title-1894\" tabindex=\"0\" hidden=\"hidden\"><p><iframe title=\"Team Green\" width=\"1170\" height=\"658\" src=\"https:\/\/www.youtube.com\/embed\/hRFiz3h4j1c?feature=oembed\" frameborder=\"0\" allow=\"accelerometer; autoplay; encrypted-media; gyroscope; picture-in-picture\" allowfullscreen><\/iframe><\/p>\n<p><strong>GAME: <\/strong>Quest of the Mysterious Orb<br \/><strong>*** 3D assets ***<\/strong><br \/><a href=\"https:\/\/tedigames.sk\/system\/members\/matej-vrzgula\/\">Matej Vrzgula<\/a><\/p><\/div>\n\t\t\t\t\t\t\t\t\t<div class=\"elementor-tab-title elementor-tab-mobile-title\" aria-selected=\"false\" data-tab=\"5\" role=\"tab\" tabindex=\"-1\" aria-controls=\"elementor-tab-content-1895\" aria-expanded=\"false\">TEAM PURPLE<\/div>\n\t\t\t\t\t<div id=\"elementor-tab-content-1895\" class=\"elementor-tab-content elementor-clearfix\" data-tab=\"5\" role=\"tabpanel\" aria-labelledby=\"elementor-tab-title-1895\" tabindex=\"0\" hidden=\"hidden\"><p><iframe title=\"Team Purple\" width=\"1170\" height=\"658\" src=\"https:\/\/www.youtube.com\/embed\/hwjk8e8Wue8?feature=oembed\" frameborder=\"0\" allow=\"accelerometer; autoplay; encrypted-media; gyroscope; picture-in-picture\" allowfullscreen><\/iframe><\/p>\n<p><strong>GAME:\u00a0<\/strong>Stylish Sword: Turbo<br \/><strong>*** Game design ***<\/strong><br \/><a href=\"https:\/\/tedigames.sk\/system\/members\/juraj-konecny\/\">Juraj Kone\u010dn\u00fd<\/a><\/p><\/div>\n\t\t\t\t\t\t\t<\/div>\n\t\t<\/div>\n\t\t\t\t\t\t<\/div>\n\t\t\t\t<\/div>\n\t\t\t\t\t<\/div>\n\t\t<\/div>\n\t\t\t\t\t<\/div>\n\t\t<\/section>\n\t\t\t\t<section class=\"elementor-section elementor-top-section elementor-element elementor-element-a24f92f elementor-section-boxed elementor-section-height-default elementor-section-height-default\" data-id=\"a24f92f\" data-element_type=\"section\" data-e-type=\"section\">\n\t\t\t\t\t\t<div class=\"elementor-container elementor-column-gap-default\">\n\t\t\t\t\t<div class=\"elementor-column elementor-col-100 elementor-top-column elementor-element elementor-element-a1f9639\" data-id=\"a1f9639\" data-element_type=\"column\" data-e-type=\"column\">\n\t\t\t<div class=\"elementor-widget-wrap elementor-element-populated\">\n\t\t\t\t\t\t<div class=\"elementor-element elementor-element-7a028cf elementor-widget elementor-widget-video\" data-id=\"7a028cf\" data-element_type=\"widget\" data-e-type=\"widget\" data-settings=\"{&quot;youtube_url&quot;:&quot;https:\\\/\\\/youtu.be\\\/5WsVNELkxJc&quot;,&quot;video_type&quot;:&quot;youtube&quot;,&quot;controls&quot;:&quot;yes&quot;}\" data-widget_type=\"video.default\">\n\t\t\t\t<div class=\"elementor-widget-container\">\n\t\t\t\t\t\t\t<div class=\"elementor-wrapper elementor-open-inline\">\n\t\t\t<div class=\"elementor-video\"><\/div>\t\t<\/div>\n\t\t\t\t\t\t<\/div>\n\t\t\t\t<\/div>\n\t\t\t\t\t<\/div>\n\t\t<\/div>\n\t\t\t\t\t<\/div>\n\t\t<\/section>\n\t\t\t\t<\/div>\n\t\t","protected":false},"excerpt":{"rendered":"<p>LAG 2019 (Letnia Akademia Gier) As participants of LAG Game Jam 2019 [&hellip;]<\/p>\n","protected":false},"author":1,"featured_media":0,"parent":0,"menu_order":0,"comment_status":"closed","ping_status":"closed","template":"page-templates\/page_fullwidth.php","meta":{"footnotes":""},"categories":[],"tags":[],"class_list":["post-653","page","type-page","status-publish","hentry"],"_links":{"self":[{"href":"https:\/\/tedigames.sk\/system\/wp-json\/wp\/v2\/pages\/653","targetHints":{"allow":["GET"]}}],"collection":[{"href":"https:\/\/tedigames.sk\/system\/wp-json\/wp\/v2\/pages"}],"about":[{"href":"https:\/\/tedigames.sk\/system\/wp-json\/wp\/v2\/types\/page"}],"author":[{"embeddable":true,"href":"https:\/\/tedigames.sk\/system\/wp-json\/wp\/v2\/users\/1"}],"replies":[{"embeddable":true,"href":"https:\/\/tedigames.sk\/system\/wp-json\/wp\/v2\/comments?post=653"}],"version-history":[{"count":0,"href":"https:\/\/tedigames.sk\/system\/wp-json\/wp\/v2\/pages\/653\/revisions"}],"wp:attachment":[{"href":"https:\/\/tedigames.sk\/system\/wp-json\/wp\/v2\/media?parent=653"}],"wp:term":[{"taxonomy":"category","embeddable":true,"href":"https:\/\/tedigames.sk\/system\/wp-json\/wp\/v2\/categories?post=653"},{"taxonomy":"post_tag","embeddable":true,"href":"https:\/\/tedigames.sk\/system\/wp-json\/wp\/v2\/tags?post=653"}],"curies":[{"name":"wp","href":"https:\/\/api.w.org\/{rel}","templated":true}]}}