{"id":381,"date":"2019-02-02T10:54:16","date_gmt":"2019-02-02T08:54:16","guid":{"rendered":"http:\/\/tedigames.sk\/system\/?page_id=381"},"modified":"2021-06-19T07:51:35","modified_gmt":"2021-06-19T05:51:35","slug":"long-way-to-home","status":"publish","type":"page","link":"https:\/\/tedigames.sk\/system\/long-way-to-home\/","title":{"rendered":"Long way to home"},"content":{"rendered":"\n<p><a href=\"https:\/\/globalgamejam.org\/2019\/games\/long-way-home-0\">DOWNLOAD<\/a><\/p>\n\n\n\n<p>It\u2019s evening and your food storage is empty, so you decide to go and find some mushrooms in the forest. You will find one big glowing mushroom and you will eat it. But something\u2019s not quite right, and you will get lost. It\u2019s easy to get home when you have fully charged mobile, but what if you have only 15%? Your goal is simple. Find batteries and get home. But remember, these mushrooms are mysterious and it can change world around you. Be careful and try to get home!<\/p>\n\n\n\n<p>Main Coder: <a href=\"https:\/\/tedigames.sk\/system\/members\/tomas-fusko\/\">Tom\u00e1\u0161 Fusko<\/a><br>2D\/3D Art: <a href=\"https:\/\/tedigames.sk\/system\/members\/barbora-sidikova\/\">Barbora \u0160id\u00edkov\u00e1<\/a><br>Level Design: Lubo Muller<br>3D Art, Programmer, Sound: <a href=\"https:\/\/tedigames.sk\/system\/members\/samuel-michelko\/\">Samuel Michelko<\/a><\/p>\n\n\n\n<p>Created at Global Game Jam 2019 &#8211;  25 &#8211; 27.1. 2019 <\/p>\n\n\n\n<figure class=\"wp-block-image\"><img fetchpriority=\"high\" decoding=\"async\" width=\"1024\" height=\"493\" src=\"http:\/\/tedigames.sk\/system\/wp-content\/uploads\/2019\/02\/1-1024x493.jpg\" alt=\"\" class=\"wp-image-608\" srcset=\"https:\/\/tedigames.sk\/system\/wp-content\/uploads\/2019\/02\/1-1024x493.jpg 1024w, https:\/\/tedigames.sk\/system\/wp-content\/uploads\/2019\/02\/1-300x145.jpg 300w, https:\/\/tedigames.sk\/system\/wp-content\/uploads\/2019\/02\/1-768x370.jpg 768w, https:\/\/tedigames.sk\/system\/wp-content\/uploads\/2019\/02\/1-830x400.jpg 830w, https:\/\/tedigames.sk\/system\/wp-content\/uploads\/2019\/02\/1-230x111.jpg 230w, https:\/\/tedigames.sk\/system\/wp-content\/uploads\/2019\/02\/1-350x169.jpg 350w, https:\/\/tedigames.sk\/system\/wp-content\/uploads\/2019\/02\/1-480x231.jpg 480w, https:\/\/tedigames.sk\/system\/wp-content\/uploads\/2019\/02\/1.jpg 1928w\" sizes=\"(max-width: 1024px) 100vw, 1024px\" \/><\/figure>\n\n\n\n<figure class=\"wp-block-image\"><img decoding=\"async\" width=\"1024\" height=\"495\" src=\"http:\/\/tedigames.sk\/system\/wp-content\/uploads\/2019\/02\/2-1024x495.jpg\" alt=\"\" class=\"wp-image-609\" srcset=\"https:\/\/tedigames.sk\/system\/wp-content\/uploads\/2019\/02\/2-1024x495.jpg 1024w, https:\/\/tedigames.sk\/system\/wp-content\/uploads\/2019\/02\/2-300x145.jpg 300w, https:\/\/tedigames.sk\/system\/wp-content\/uploads\/2019\/02\/2-768x371.jpg 768w, https:\/\/tedigames.sk\/system\/wp-content\/uploads\/2019\/02\/2-830x401.jpg 830w, https:\/\/tedigames.sk\/system\/wp-content\/uploads\/2019\/02\/2-230x111.jpg 230w, https:\/\/tedigames.sk\/system\/wp-content\/uploads\/2019\/02\/2-350x169.jpg 350w, https:\/\/tedigames.sk\/system\/wp-content\/uploads\/2019\/02\/2-480x232.jpg 480w, https:\/\/tedigames.sk\/system\/wp-content\/uploads\/2019\/02\/2.jpg 1928w\" sizes=\"(max-width: 1024px) 100vw, 1024px\" \/><\/figure>\n\n\n\n<figure class=\"wp-block-image\"><img decoding=\"async\" width=\"1024\" height=\"504\" src=\"http:\/\/tedigames.sk\/system\/wp-content\/uploads\/2019\/02\/5-1024x504.jpg\" alt=\"\" class=\"wp-image-612\" srcset=\"https:\/\/tedigames.sk\/system\/wp-content\/uploads\/2019\/02\/5-1024x504.jpg 1024w, https:\/\/tedigames.sk\/system\/wp-content\/uploads\/2019\/02\/5-300x148.jpg 300w, https:\/\/tedigames.sk\/system\/wp-content\/uploads\/2019\/02\/5-768x378.jpg 768w, https:\/\/tedigames.sk\/system\/wp-content\/uploads\/2019\/02\/5-830x408.jpg 830w, https:\/\/tedigames.sk\/system\/wp-content\/uploads\/2019\/02\/5-230x113.jpg 230w, https:\/\/tedigames.sk\/system\/wp-content\/uploads\/2019\/02\/5-350x172.jpg 350w, https:\/\/tedigames.sk\/system\/wp-content\/uploads\/2019\/02\/5-480x236.jpg 480w, https:\/\/tedigames.sk\/system\/wp-content\/uploads\/2019\/02\/5.jpg 1928w\" sizes=\"(max-width: 1024px) 100vw, 1024px\" \/><\/figure>\n\n\n\n<figure class=\"wp-block-image size-large\"><img loading=\"lazy\" decoding=\"async\" width=\"1024\" height=\"576\" src=\"https:\/\/tedigames.sk\/system\/wp-content\/uploads\/2020\/02\/Credits-1024x576.jpg\" alt=\"\" class=\"wp-image-794\" srcset=\"https:\/\/tedigames.sk\/system\/wp-content\/uploads\/2020\/02\/Credits-1024x576.jpg 1024w, https:\/\/tedigames.sk\/system\/wp-content\/uploads\/2020\/02\/Credits-300x169.jpg 300w, https:\/\/tedigames.sk\/system\/wp-content\/uploads\/2020\/02\/Credits-768x432.jpg 768w, https:\/\/tedigames.sk\/system\/wp-content\/uploads\/2020\/02\/Credits-1536x864.jpg 1536w, https:\/\/tedigames.sk\/system\/wp-content\/uploads\/2020\/02\/Credits-830x467.jpg 830w, https:\/\/tedigames.sk\/system\/wp-content\/uploads\/2020\/02\/Credits-230x129.jpg 230w, https:\/\/tedigames.sk\/system\/wp-content\/uploads\/2020\/02\/Credits-350x197.jpg 350w, https:\/\/tedigames.sk\/system\/wp-content\/uploads\/2020\/02\/Credits-480x270.jpg 480w, https:\/\/tedigames.sk\/system\/wp-content\/uploads\/2020\/02\/Credits.jpg 1920w\" sizes=\"(max-width: 1024px) 100vw, 1024px\" \/><\/figure>\n","protected":false},"excerpt":{"rendered":"<p>DOWNLOAD It\u2019s evening and your food storage is empty, so you decide [&hellip;]<\/p>\n","protected":false},"author":1,"featured_media":0,"parent":0,"menu_order":0,"comment_status":"closed","ping_status":"closed","template":"page-templates\/page_fullwidth.php","meta":{"footnotes":""},"categories":[],"tags":[],"class_list":["post-381","page","type-page","status-publish","hentry"],"_links":{"self":[{"href":"https:\/\/tedigames.sk\/system\/wp-json\/wp\/v2\/pages\/381","targetHints":{"allow":["GET"]}}],"collection":[{"href":"https:\/\/tedigames.sk\/system\/wp-json\/wp\/v2\/pages"}],"about":[{"href":"https:\/\/tedigames.sk\/system\/wp-json\/wp\/v2\/types\/page"}],"author":[{"embeddable":true,"href":"https:\/\/tedigames.sk\/system\/wp-json\/wp\/v2\/users\/1"}],"replies":[{"embeddable":true,"href":"https:\/\/tedigames.sk\/system\/wp-json\/wp\/v2\/comments?post=381"}],"version-history":[{"count":0,"href":"https:\/\/tedigames.sk\/system\/wp-json\/wp\/v2\/pages\/381\/revisions"}],"wp:attachment":[{"href":"https:\/\/tedigames.sk\/system\/wp-json\/wp\/v2\/media?parent=381"}],"wp:term":[{"taxonomy":"category","embeddable":true,"href":"https:\/\/tedigames.sk\/system\/wp-json\/wp\/v2\/categories?post=381"},{"taxonomy":"post_tag","embeddable":true,"href":"https:\/\/tedigames.sk\/system\/wp-json\/wp\/v2\/tags?post=381"}],"curies":[{"name":"wp","href":"https:\/\/api.w.org\/{rel}","templated":true}]}}