{"id":363,"date":"2019-01-27T17:35:02","date_gmt":"2019-01-27T15:35:02","guid":{"rendered":"http:\/\/tedigames.sk\/system\/?page_id=363"},"modified":"2021-06-19T07:52:22","modified_gmt":"2021-06-19T05:52:22","slug":"besthome","status":"publish","type":"page","link":"https:\/\/tedigames.sk\/system\/besthome\/","title":{"rendered":"BEST@HOME"},"content":{"rendered":"\n<p>TEDI Games (Hollywood Cerise) sa z\u00fa\u010dastnil u\u017e po druh\u00fd kr\u00e1t Global Game Jamu, konal sa 25.jan-27.jan.2019.<br>V hre ako hlavn\u00fd protagonista mus\u00ed\u0165e pre\u010dka\u0165 nudn\u00fd \u010das na WC. Hern\u00fd \u010das v\u00e1m utek\u00e1 ke\u010f sa zab\u00e1va\u0165e. Pln\u00ed sa tzv. poo meter, a po jeho naplnen\u00ed je cie\u013e hry splnen\u00fd.<br>Hra je ur\u010den\u00e1 pre virtu\u00e1lnu realitu, najlep\u0161ie pre headset Oculus Rift.<\/p>\n\n\n\n<p>Na hre pracovali:  *** Code : <a href=\"https:\/\/tedigames.sk\/system\/members\/dalibor-bartos\/\">Dalibor Barto\u0161<\/a> *** 3D Assets : <a href=\"https:\/\/tedigames.sk\/system\/members\/juraj-mikula\/\">Juraj Mikula<\/a> *** 2D Assets : <a href=\"https:\/\/tedigames.sk\/system\/members\/michal-kabat\/\">Michal Kab\u00e1t<\/a> ***<\/p>\n\n\n\n<p><a href=\"https:\/\/globalgamejam.org\/2019\/games\/best-home\">DOW<\/a><a href=\"https:\/\/dexus5.itch.io\/besthome\">NLOAD <\/a><\/p>\n\n\n\n<figure class=\"wp-block-embed is-type-video is-provider-youtube wp-block-embed-youtube wp-embed-aspect-16-9 wp-has-aspect-ratio\"><div class=\"wp-block-embed__wrapper\">\n<iframe width=\"1170\" height=\"658\" src=\"https:\/\/www.youtube.com\/embed\/akxkwY2IbxE?feature=oembed\" frameborder=\"0\" allow=\"accelerometer; autoplay; encrypted-media; gyroscope; picture-in-picture\" allowfullscreen><\/iframe>\n<\/div><\/figure>\n\n\n\n<figure class=\"wp-block-image\"><img fetchpriority=\"high\" decoding=\"async\" width=\"1024\" height=\"576\" src=\"http:\/\/tedigames.sk\/system\/wp-content\/uploads\/2019\/01\/@home-1024x576.png\" alt=\"\" class=\"wp-image-364\" srcset=\"https:\/\/tedigames.sk\/system\/wp-content\/uploads\/2019\/01\/@home-1024x576.png 1024w, https:\/\/tedigames.sk\/system\/wp-content\/uploads\/2019\/01\/@home-300x169.png 300w, https:\/\/tedigames.sk\/system\/wp-content\/uploads\/2019\/01\/@home-768x432.png 768w, https:\/\/tedigames.sk\/system\/wp-content\/uploads\/2019\/01\/@home-830x467.png 830w, https:\/\/tedigames.sk\/system\/wp-content\/uploads\/2019\/01\/@home-230x129.png 230w, https:\/\/tedigames.sk\/system\/wp-content\/uploads\/2019\/01\/@home-350x197.png 350w, https:\/\/tedigames.sk\/system\/wp-content\/uploads\/2019\/01\/@home-480x270.png 480w, https:\/\/tedigames.sk\/system\/wp-content\/uploads\/2019\/01\/@home.png 1920w\" sizes=\"(max-width: 1024px) 100vw, 1024px\" \/><\/figure>\n\n\n\n<figure class=\"wp-block-image\"><img decoding=\"async\" width=\"1024\" height=\"614\" src=\"http:\/\/tedigames.sk\/system\/wp-content\/uploads\/2019\/01\/@home3-1024x614.png\" alt=\"\" class=\"wp-image-365\" srcset=\"https:\/\/tedigames.sk\/system\/wp-content\/uploads\/2019\/01\/@home3-1024x614.png 1024w, https:\/\/tedigames.sk\/system\/wp-content\/uploads\/2019\/01\/@home3-300x180.png 300w, https:\/\/tedigames.sk\/system\/wp-content\/uploads\/2019\/01\/@home3-768x461.png 768w, https:\/\/tedigames.sk\/system\/wp-content\/uploads\/2019\/01\/@home3-830x498.png 830w, https:\/\/tedigames.sk\/system\/wp-content\/uploads\/2019\/01\/@home3-230x138.png 230w, https:\/\/tedigames.sk\/system\/wp-content\/uploads\/2019\/01\/@home3-350x210.png 350w, https:\/\/tedigames.sk\/system\/wp-content\/uploads\/2019\/01\/@home3-480x288.png 480w, https:\/\/tedigames.sk\/system\/wp-content\/uploads\/2019\/01\/@home3.png 1590w\" sizes=\"(max-width: 1024px) 100vw, 1024px\" \/><\/figure>\n\n\n\n<figure class=\"wp-block-image\"><img decoding=\"async\" width=\"1024\" height=\"572\" src=\"http:\/\/tedigames.sk\/system\/wp-content\/uploads\/2019\/01\/VR_WC-1024x572.png\" alt=\"\" class=\"wp-image-366\" srcset=\"https:\/\/tedigames.sk\/system\/wp-content\/uploads\/2019\/01\/VR_WC-1024x572.png 1024w, https:\/\/tedigames.sk\/system\/wp-content\/uploads\/2019\/01\/VR_WC-300x168.png 300w, https:\/\/tedigames.sk\/system\/wp-content\/uploads\/2019\/01\/VR_WC-768x429.png 768w, https:\/\/tedigames.sk\/system\/wp-content\/uploads\/2019\/01\/VR_WC-830x464.png 830w, https:\/\/tedigames.sk\/system\/wp-content\/uploads\/2019\/01\/VR_WC-230x128.png 230w, https:\/\/tedigames.sk\/system\/wp-content\/uploads\/2019\/01\/VR_WC-350x196.png 350w, https:\/\/tedigames.sk\/system\/wp-content\/uploads\/2019\/01\/VR_WC-480x268.png 480w, https:\/\/tedigames.sk\/system\/wp-content\/uploads\/2019\/01\/VR_WC.png 1280w\" sizes=\"(max-width: 1024px) 100vw, 1024px\" \/><\/figure>\n\n\n\n<figure class=\"wp-block-image\"><img loading=\"lazy\" decoding=\"async\" width=\"1024\" height=\"865\" src=\"http:\/\/tedigames.sk\/system\/wp-content\/uploads\/2019\/01\/aa-1024x865.jpg\" alt=\"\" class=\"wp-image-371\" srcset=\"https:\/\/tedigames.sk\/system\/wp-content\/uploads\/2019\/01\/aa-1024x865.jpg 1024w, https:\/\/tedigames.sk\/system\/wp-content\/uploads\/2019\/01\/aa-300x253.jpg 300w, https:\/\/tedigames.sk\/system\/wp-content\/uploads\/2019\/01\/aa-768x649.jpg 768w, https:\/\/tedigames.sk\/system\/wp-content\/uploads\/2019\/01\/aa-830x701.jpg 830w, https:\/\/tedigames.sk\/system\/wp-content\/uploads\/2019\/01\/aa-230x194.jpg 230w, https:\/\/tedigames.sk\/system\/wp-content\/uploads\/2019\/01\/aa-350x296.jpg 350w, https:\/\/tedigames.sk\/system\/wp-content\/uploads\/2019\/01\/aa-480x406.jpg 480w, https:\/\/tedigames.sk\/system\/wp-content\/uploads\/2019\/01\/aa.jpg 1366w\" sizes=\"(max-width: 1024px) 100vw, 1024px\" \/><\/figure>\n","protected":false},"excerpt":{"rendered":"<p>TEDI Games (Hollywood Cerise) sa z\u00fa\u010dastnil u\u017e po druh\u00fd kr\u00e1t Global Game [&hellip;]<\/p>\n","protected":false},"author":1,"featured_media":0,"parent":0,"menu_order":0,"comment_status":"closed","ping_status":"closed","template":"page-templates\/page_fullwidth.php","meta":{"footnotes":""},"categories":[],"tags":[],"class_list":["post-363","page","type-page","status-publish","hentry"],"_links":{"self":[{"href":"https:\/\/tedigames.sk\/system\/wp-json\/wp\/v2\/pages\/363","targetHints":{"allow":["GET"]}}],"collection":[{"href":"https:\/\/tedigames.sk\/system\/wp-json\/wp\/v2\/pages"}],"about":[{"href":"https:\/\/tedigames.sk\/system\/wp-json\/wp\/v2\/types\/page"}],"author":[{"embeddable":true,"href":"https:\/\/tedigames.sk\/system\/wp-json\/wp\/v2\/users\/1"}],"replies":[{"embeddable":true,"href":"https:\/\/tedigames.sk\/system\/wp-json\/wp\/v2\/comments?post=363"}],"version-history":[{"count":0,"href":"https:\/\/tedigames.sk\/system\/wp-json\/wp\/v2\/pages\/363\/revisions"}],"wp:attachment":[{"href":"https:\/\/tedigames.sk\/system\/wp-json\/wp\/v2\/media?parent=363"}],"wp:term":[{"taxonomy":"category","embeddable":true,"href":"https:\/\/tedigames.sk\/system\/wp-json\/wp\/v2\/categories?post=363"},{"taxonomy":"post_tag","embeddable":true,"href":"https:\/\/tedigames.sk\/system\/wp-json\/wp\/v2\/tags?post=363"}],"curies":[{"name":"wp","href":"https:\/\/api.w.org\/{rel}","templated":true}]}}