{"id":350,"date":"2018-12-12T09:16:14","date_gmt":"2018-12-12T07:16:14","guid":{"rendered":"http:\/\/tedigames.sk\/system\/projects\/rainmaker-copy\/"},"modified":"2021-06-19T07:18:50","modified_gmt":"2021-06-19T05:18:50","slug":"chikon","status":"publish","type":"page","link":"https:\/\/tedigames.sk\/system\/projects\/chikon\/","title":{"rendered":"CHIKON"},"content":{"rendered":"<p>Team TEDI Games (Ocean Green) sa z\u00fa\u010dastnil tento rok po prv\u00fd raz Bratislava Game Jamu (BGJ2018 @ 9.Nov-11.Nov)<\/p>\n<p>v zlo\u017een\u00ed\u00a0<a href=\"https:\/\/tedigames.sk\/system\/members\/peter-pagac\/\">Peter Pag\u00e1\u010d<\/a>, <a href=\"https:\/\/tedigames.sk\/system\/members\/adam-kysler\/\">Adam Kysler<\/a>,\u00a0 <a href=\"https:\/\/tedigames.sk\/system\/members\/samuel-michelko\/\">Samuel Michelko<\/a>, <a href=\"https:\/\/tedigames.sk\/system\/members\/bence-berta\/\">Bence Berta<\/a> vytvorili hru CHICKON.<br \/>\nTohtoro\u010dnou t\u00e9mou game jamu bolo &#8222;ovl\u00e1danie po\u010dasia&#8220;.<br \/>\nHra CHICKON je pre dvoch hr\u00e1\u010dov, kde hr\u00e1\u010d ovl\u00e1da jeno zviera, ovcu alebo kozu.<br \/>\nTieto zvierat\u00e1 z\u00e1pasia mezdi sebou v ringu.<\/p>\n<p>Hru si m\u00f4\u017eete zdarma stiahnu\u0165 na itch.io : <a href=\"https:\/\/dic747or.itch.io\/chikon\">DOWNLOAD<\/a><\/p>\n<p><iframe width=\"1170\" height=\"658\" src=\"https:\/\/www.youtube.com\/embed\/hjOdm_lEjGM?feature=oembed\" frameborder=\"0\" allow=\"accelerometer; autoplay; encrypted-media; gyroscope; picture-in-picture\" allowfullscreen><\/iframe><\/p>\n","protected":false},"excerpt":{"rendered":"<p>Team TEDI Games (Ocean Green) sa z\u00fa\u010dastnil tento rok po prv\u00fd raz [&hellip;]<\/p>\n","protected":false},"author":1,"featured_media":0,"parent":13,"menu_order":0,"comment_status":"closed","ping_status":"closed","template":"page-templates\/page_fullwidth.php","meta":{"footnotes":""},"categories":[],"tags":[],"class_list":["post-350","page","type-page","status-publish","hentry"],"_links":{"self":[{"href":"https:\/\/tedigames.sk\/system\/wp-json\/wp\/v2\/pages\/350","targetHints":{"allow":["GET"]}}],"collection":[{"href":"https:\/\/tedigames.sk\/system\/wp-json\/wp\/v2\/pages"}],"about":[{"href":"https:\/\/tedigames.sk\/system\/wp-json\/wp\/v2\/types\/page"}],"author":[{"embeddable":true,"href":"https:\/\/tedigames.sk\/system\/wp-json\/wp\/v2\/users\/1"}],"replies":[{"embeddable":true,"href":"https:\/\/tedigames.sk\/system\/wp-json\/wp\/v2\/comments?post=350"}],"version-history":[{"count":0,"href":"https:\/\/tedigames.sk\/system\/wp-json\/wp\/v2\/pages\/350\/revisions"}],"up":[{"embeddable":true,"href":"https:\/\/tedigames.sk\/system\/wp-json\/wp\/v2\/pages\/13"}],"wp:attachment":[{"href":"https:\/\/tedigames.sk\/system\/wp-json\/wp\/v2\/media?parent=350"}],"wp:term":[{"taxonomy":"category","embeddable":true,"href":"https:\/\/tedigames.sk\/system\/wp-json\/wp\/v2\/categories?post=350"},{"taxonomy":"post_tag","embeddable":true,"href":"https:\/\/tedigames.sk\/system\/wp-json\/wp\/v2\/tags?post=350"}],"curies":[{"name":"wp","href":"https:\/\/api.w.org\/{rel}","templated":true}]}}