{"id":291,"date":"2018-11-12T18:16:40","date_gmt":"2018-11-12T16:16:40","guid":{"rendered":"http:\/\/tedigames.sk\/system\/?page_id=291"},"modified":"2021-06-19T07:47:20","modified_gmt":"2021-06-19T05:47:20","slug":"rainmaker","status":"publish","type":"page","link":"https:\/\/tedigames.sk\/system\/projects\/rainmaker\/","title":{"rendered":"RainMaker"},"content":{"rendered":"<p>Team TEDI Games sa z\u00fa\u010dastnil aj tento rok Bratislava Game Jamu (BGJ2018 @ 9.Nov-11.Nov)<\/p>\n<p>v zlo\u017een\u00ed <a href=\"https:\/\/tedigames.sk\/system\/members\/dalibor-bartos\/\">Dalibor Barto\u0161<\/a>, <a href=\"https:\/\/tedigames.sk\/system\/members\/juraj-mikula\/\">Juraj Mikula<\/a>, <a href=\"https:\/\/tedigames.sk\/system\/members\/michal-kabat\/\">Michal Kab\u00e1t<\/a>, <a href=\"https:\/\/tedigames.sk\/system\/members\/peter-striz\/\">Peter Str\u00ed\u017e<\/a> sme vytvorili rytmick\u00fa hru RainMaker pre virtu\u00e1lnu realitu.<br \/>\nTohtoro\u010dnou t\u00e9mou game jamu bolo &#8222;ovl\u00e1danie po\u010dasia&#8220;.<br \/>\nHra simuluje indi\u00e1nsky ritu\u00e1l sl\u00fa\u017eiaci na vyvolanie da\u017e\u010fa. \u0160aman sprev\u00e1dza hr\u00e1\u010da ritu\u00e1lom a usmer\u0148uje jeho bubnovanie tak aby do\u0161lo k vyvolaniu da\u017e\u010fa. Ka\u017ed\u00fdm spr\u00e1vnym buchnut\u00edm do bubna hr\u00e1\u010d privol\u00e1va oblaky a ak je oblakov dostatok pohromade tak za\u010dne pr\u0161a\u0165.<\/p>\n<p>Hra pou\u017e\u00edva humor ktor\u00fd je sprostredkovan\u00fd hl\u00e1\u0161kami komick\u00e9ho charakteru ktor\u00e9 V\u00e1m \u0161aman rozpr\u00e1va po\u010das bubnovania. Hl\u00e1\u0161ky s\u00fa pln\u00e9 referenci\u00ed z pop culture a hier. Taktie\u017e m\u00e1 eduka\u010dn\u00fd charakter, ke\u010f\u017ee hr\u00e1\u010da obozn\u00e1mi s pravou podstatou tohto ritu\u00e1lu.<\/p>\n<p>Hru si m\u00f4\u017eete zdarma stiahnu\u0165 na itch.io : <a href=\"https:\/\/dexus5.itch.io\/rainmaker\">DOWNLOAD<\/a><\/p>\n<p><iframe title=\"RainMaker (BGJ2018)\" width=\"1170\" height=\"658\" src=\"https:\/\/www.youtube.com\/embed\/2xHPxEmojWE?feature=oembed\" frameborder=\"0\" allow=\"accelerometer; autoplay; clipboard-write; encrypted-media; gyroscope; picture-in-picture\" allowfullscreen><\/iframe><\/p>\n<p><a href=\"http:\/\/tedigames.sk\/system\/wp-content\/uploads\/2018\/11\/20181111_105951.jpg\"><img fetchpriority=\"high\" decoding=\"async\" class=\"alignnone size-large wp-image-294\" src=\"http:\/\/tedigames.sk\/system\/wp-content\/uploads\/2018\/11\/20181111_105951-1024x512.jpg\" alt=\"\" width=\"640\" height=\"320\" srcset=\"https:\/\/tedigames.sk\/system\/wp-content\/uploads\/2018\/11\/20181111_105951-1024x512.jpg 1024w, https:\/\/tedigames.sk\/system\/wp-content\/uploads\/2018\/11\/20181111_105951-300x150.jpg 300w, https:\/\/tedigames.sk\/system\/wp-content\/uploads\/2018\/11\/20181111_105951-768x384.jpg 768w\" sizes=\"(max-width: 640px) 100vw, 640px\" \/><\/a><\/p>\n","protected":false},"excerpt":{"rendered":"<p>Team TEDI Games sa z\u00fa\u010dastnil aj tento rok Bratislava Game Jamu (BGJ2018 [&hellip;]<\/p>\n","protected":false},"author":1,"featured_media":0,"parent":13,"menu_order":0,"comment_status":"closed","ping_status":"closed","template":"page-templates\/page_fullwidth.php","meta":{"footnotes":""},"categories":[],"tags":[],"class_list":["post-291","page","type-page","status-publish","hentry"],"_links":{"self":[{"href":"https:\/\/tedigames.sk\/system\/wp-json\/wp\/v2\/pages\/291","targetHints":{"allow":["GET"]}}],"collection":[{"href":"https:\/\/tedigames.sk\/system\/wp-json\/wp\/v2\/pages"}],"about":[{"href":"https:\/\/tedigames.sk\/system\/wp-json\/wp\/v2\/types\/page"}],"author":[{"embeddable":true,"href":"https:\/\/tedigames.sk\/system\/wp-json\/wp\/v2\/users\/1"}],"replies":[{"embeddable":true,"href":"https:\/\/tedigames.sk\/system\/wp-json\/wp\/v2\/comments?post=291"}],"version-history":[{"count":0,"href":"https:\/\/tedigames.sk\/system\/wp-json\/wp\/v2\/pages\/291\/revisions"}],"up":[{"embeddable":true,"href":"https:\/\/tedigames.sk\/system\/wp-json\/wp\/v2\/pages\/13"}],"wp:attachment":[{"href":"https:\/\/tedigames.sk\/system\/wp-json\/wp\/v2\/media?parent=291"}],"wp:term":[{"taxonomy":"category","embeddable":true,"href":"https:\/\/tedigames.sk\/system\/wp-json\/wp\/v2\/categories?post=291"},{"taxonomy":"post_tag","embeddable":true,"href":"https:\/\/tedigames.sk\/system\/wp-json\/wp\/v2\/tags?post=291"}],"curies":[{"name":"wp","href":"https:\/\/api.w.org\/{rel}","templated":true}]}}