{"id":266,"date":"2018-09-22T10:15:25","date_gmt":"2018-09-22T08:15:25","guid":{"rendered":"http:\/\/tedigames.sk\/system\/?page_id=266"},"modified":"2021-06-19T07:46:31","modified_gmt":"2021-06-19T05:46:31","slug":"comic-saloon","status":"publish","type":"page","link":"https:\/\/tedigames.sk\/system\/projects\/comic-saloon\/","title":{"rendered":"Comic Saloon"},"content":{"rendered":"<p>Team TEDI Games v zlo\u017een\u00ed\u00a0 <a href=\"https:\/\/tedigames.sk\/system\/members\/dalibor-bartos\/\">Dalibor Barto\u0161<\/a>, <a href=\"https:\/\/tedigames.sk\/system\/members\/juraj-mikula\/\">Juraj Mikula<\/a>, <a href=\"https:\/\/tedigames.sk\/system\/members\/michal-kabat\/\">Michal Kab\u00e1t<\/a> sa z\u00fa\u010dastnil Game jamu v r\u00e1mci Comic Sal\u00f3nu 2018 (20-21.sep)<\/p>\n<p>Akcie sa z\u00fa\u010dastnilo 5 troj\u010dlenn\u00fdch t\u00edmov, tie tvorili hry po\u010das limitovan\u00e9ho \u010dasu 30 hod\u00edn na t\u00e9mu &#8222;Comics Sal\u00f3n&#8220;.<\/p>\n<p>TEDI Games tvorili hru pre virtu\u00e1lnu realitu in\u0161pirovan\u00fa starou NES klasikou &#8222;Wild Gunman&#8220; ktor\u00fa nazvali &#8222;<strong>Comic Saloon<\/strong>&#8220;<\/p>\n<p>V hre sa V\u00e1m zobrazuj\u00fa charaktery z DC a Marvel universe, va\u0161ou \u00falohou je spr\u00e1vne ur\u010di\u0165 do ktor\u00e9ho univerza tieto postavy patria.<br \/>\nHr\u00e1\u010d mus\u00ed spr\u00e1vne ozna\u010di\u0165 afinitu k univerzu stre\u013ebou z farebn\u00fdch zbran\u00ed (Modr\u00e1 = DC , \u010cerven\u00e1 = Marvel).<\/p>\n<p>Hra zabav\u00ed fan\u00fa\u0161ikov komixu a over\u00ed ich schopnosti r\u00fdchleho rozoznania hrdinu, no m\u00e1 aj edukat\u00edvny charakter pre t\u00fdch ktor\u00fd nie s\u00fa plne obozn\u00e1men\u00fd s t\u00fdmito univerzami.<\/p>\n<p>Potom \u010do hru d\u00f4kladne otestovala odborn\u00e1\u00a0porota<strong>\u00a0sa t\u00edm TEDI Games stal v\u00ed\u0165azom<\/strong> tohto podujatia a odniesli si mno\u017estvo hodnotn\u00fdch cien.<\/p>\n<p>Hru si m\u00f4\u017eete zdarma stiahnu\u0165 tu :\u00a0<a href=\"https:\/\/dexus5.itch.io\/comicsaloon\">https:\/\/dexus5.itch.io\/comicsaloon<\/a><\/p>\n<p><a href=\"http:\/\/tedigames.sk\/system\/wp-content\/uploads\/2018\/09\/tedi_games_comics_salon_2018.jpg\"><img fetchpriority=\"high\" decoding=\"async\" class=\"alignnone size-large wp-image-269\" src=\"http:\/\/tedigames.sk\/system\/wp-content\/uploads\/2018\/09\/tedi_games_comics_salon_2018-1024x512.jpg\" alt=\"\" width=\"640\" height=\"320\" srcset=\"https:\/\/tedigames.sk\/system\/wp-content\/uploads\/2018\/09\/tedi_games_comics_salon_2018-1024x512.jpg 1024w, https:\/\/tedigames.sk\/system\/wp-content\/uploads\/2018\/09\/tedi_games_comics_salon_2018-300x150.jpg 300w, https:\/\/tedigames.sk\/system\/wp-content\/uploads\/2018\/09\/tedi_games_comics_salon_2018-768x384.jpg 768w, https:\/\/tedigames.sk\/system\/wp-content\/uploads\/2018\/09\/tedi_games_comics_salon_2018.jpg 1920w\" sizes=\"(max-width: 640px) 100vw, 640px\" \/><\/a><\/p>\n<p><iframe width=\"1170\" height=\"658\" src=\"https:\/\/www.youtube.com\/embed\/hW9GSZ7lzSs?feature=oembed\" frameborder=\"0\" allow=\"accelerometer; autoplay; encrypted-media; gyroscope; picture-in-picture\" allowfullscreen><\/iframe><\/p>\n<p><iframe width=\"1170\" height=\"658\" src=\"https:\/\/www.youtube.com\/embed\/KP_RHNe4ONc?feature=oembed\" frameborder=\"0\" allow=\"accelerometer; autoplay; encrypted-media; gyroscope; picture-in-picture\" allowfullscreen><\/iframe><\/p>\n","protected":false},"excerpt":{"rendered":"<p>Team TEDI Games v zlo\u017een\u00ed\u00a0 Dalibor Barto\u0161, Juraj Mikula, Michal Kab\u00e1t sa [&hellip;]<\/p>\n","protected":false},"author":1,"featured_media":0,"parent":13,"menu_order":0,"comment_status":"closed","ping_status":"closed","template":"page-templates\/page_fullwidth.php","meta":{"footnotes":""},"categories":[],"tags":[],"class_list":["post-266","page","type-page","status-publish","hentry"],"_links":{"self":[{"href":"https:\/\/tedigames.sk\/system\/wp-json\/wp\/v2\/pages\/266","targetHints":{"allow":["GET"]}}],"collection":[{"href":"https:\/\/tedigames.sk\/system\/wp-json\/wp\/v2\/pages"}],"about":[{"href":"https:\/\/tedigames.sk\/system\/wp-json\/wp\/v2\/types\/page"}],"author":[{"embeddable":true,"href":"https:\/\/tedigames.sk\/system\/wp-json\/wp\/v2\/users\/1"}],"replies":[{"embeddable":true,"href":"https:\/\/tedigames.sk\/system\/wp-json\/wp\/v2\/comments?post=266"}],"version-history":[{"count":0,"href":"https:\/\/tedigames.sk\/system\/wp-json\/wp\/v2\/pages\/266\/revisions"}],"up":[{"embeddable":true,"href":"https:\/\/tedigames.sk\/system\/wp-json\/wp\/v2\/pages\/13"}],"wp:attachment":[{"href":"https:\/\/tedigames.sk\/system\/wp-json\/wp\/v2\/media?parent=266"}],"wp:term":[{"taxonomy":"category","embeddable":true,"href":"https:\/\/tedigames.sk\/system\/wp-json\/wp\/v2\/categories?post=266"},{"taxonomy":"post_tag","embeddable":true,"href":"https:\/\/tedigames.sk\/system\/wp-json\/wp\/v2\/tags?post=266"}],"curies":[{"name":"wp","href":"https:\/\/api.w.org\/{rel}","templated":true}]}}