{"id":256,"date":"2018-07-02T22:02:30","date_gmt":"2018-07-02T20:02:30","guid":{"rendered":"http:\/\/tedigames.sk\/system\/?page_id=256"},"modified":"2021-06-19T07:44:59","modified_gmt":"2021-06-19T05:44:59","slug":"co-op-vr","status":"publish","type":"page","link":"https:\/\/tedigames.sk\/system\/projects\/co-op-vr\/","title":{"rendered":"CO-OP (VR)"},"content":{"rendered":"<p>\u010clenovia TEDI Games z\u00edskali cenn\u00e9 tretie miesto na Game Jame ktor\u00fd bol organizovan\u00fd v r\u00e1mci Festu An\u010da 2018 v \u017diline.<br \/>\nOdn\u00e1\u0161aj\u00fa si domov cenn\u00e9 sk\u00fasenosti a nov\u00fd monitor zna\u010dky DELL.<br \/>\nGame Jam trval 30 hod\u00edn a v zlo\u017een\u00ed<br \/>\n[Code] * <a href=\"https:\/\/tedigames.sk\/system\/members\/dalibor-bartos\/\">Dalibor Barto\u0161<\/a> *<br \/>\n[Graphics] : * <a href=\"https:\/\/tedigames.sk\/system\/members\/juraj-mikula\/\">Juraj Mikula<\/a> *<br \/>\n[Level design] : * <a href=\"https:\/\/tedigames.sk\/system\/members\/michal-kabat\/\">Michal Kab\u00e1t<\/a> *<br \/>\nsa podarilo vytvori\u0165 hru do zdarn\u00e9ho konca.<br \/>\nT\u00e9mou Game Jamu bolo &#8222;V jednote je sila&#8220;. Vytvoren\u00e1 hra s n\u00e1zvom CO-OP je kooperat\u00edvna platformovka pre prostredie virtu\u00e1lnej reality, kde hr\u00e1\u010d naraz ovl\u00e1da postavy ktor\u00e9 musia spolupracova\u0165 aby dosiahli cie\u013e.<\/p>\n<p><iframe width=\"1170\" height=\"658\" src=\"https:\/\/www.youtube.com\/embed\/0HABzEyJvSY?feature=oembed\" frameborder=\"0\" allow=\"accelerometer; autoplay; encrypted-media; gyroscope; picture-in-picture\" allowfullscreen><\/iframe><\/p>\n<p><iframe width=\"1170\" height=\"658\" src=\"https:\/\/www.youtube.com\/embed\/wwt12QG53h8?feature=oembed\" frameborder=\"0\" allow=\"accelerometer; autoplay; encrypted-media; gyroscope; picture-in-picture\" allowfullscreen><\/iframe><\/p>\n","protected":false},"excerpt":{"rendered":"<p>\u010clenovia TEDI Games z\u00edskali cenn\u00e9 tretie miesto na Game Jame ktor\u00fd bol [&hellip;]<\/p>\n","protected":false},"author":1,"featured_media":0,"parent":13,"menu_order":0,"comment_status":"closed","ping_status":"closed","template":"page-templates\/page_fullwidth.php","meta":{"footnotes":""},"categories":[],"tags":[],"class_list":["post-256","page","type-page","status-publish","hentry"],"_links":{"self":[{"href":"https:\/\/tedigames.sk\/system\/wp-json\/wp\/v2\/pages\/256","targetHints":{"allow":["GET"]}}],"collection":[{"href":"https:\/\/tedigames.sk\/system\/wp-json\/wp\/v2\/pages"}],"about":[{"href":"https:\/\/tedigames.sk\/system\/wp-json\/wp\/v2\/types\/page"}],"author":[{"embeddable":true,"href":"https:\/\/tedigames.sk\/system\/wp-json\/wp\/v2\/users\/1"}],"replies":[{"embeddable":true,"href":"https:\/\/tedigames.sk\/system\/wp-json\/wp\/v2\/comments?post=256"}],"version-history":[{"count":0,"href":"https:\/\/tedigames.sk\/system\/wp-json\/wp\/v2\/pages\/256\/revisions"}],"up":[{"embeddable":true,"href":"https:\/\/tedigames.sk\/system\/wp-json\/wp\/v2\/pages\/13"}],"wp:attachment":[{"href":"https:\/\/tedigames.sk\/system\/wp-json\/wp\/v2\/media?parent=256"}],"wp:term":[{"taxonomy":"category","embeddable":true,"href":"https:\/\/tedigames.sk\/system\/wp-json\/wp\/v2\/categories?post=256"},{"taxonomy":"post_tag","embeddable":true,"href":"https:\/\/tedigames.sk\/system\/wp-json\/wp\/v2\/tags?post=256"}],"curies":[{"name":"wp","href":"https:\/\/api.w.org\/{rel}","templated":true}]}}