{"id":181,"date":"2017-05-09T11:43:02","date_gmt":"2017-05-09T09:43:02","guid":{"rendered":"http:\/\/tedigames.sk\/system\/?page_id=181"},"modified":"2021-06-19T07:28:19","modified_gmt":"2021-06-19T05:28:19","slug":"barbar-bar","status":"publish","type":"page","link":"https:\/\/tedigames.sk\/system\/projects\/barbar-bar\/","title":{"rendered":"BARBAR BAR"},"content":{"rendered":"<p>The game <strong>BARBAR BAR<\/strong> was made at 48hour long <a href=\"https:\/\/www.facebook.com\/events\/1655992188044020\/\">FMK TEDI Jam<\/a> 2017.<img fetchpriority=\"high\" decoding=\"async\" class=\"alignleft wp-image-183\" title=\"BARBAR BAR logo\" src=\"http:\/\/tedigames.sk\/system\/wp-content\/uploads\/2017\/05\/barbarbar-logo-\u2013-k\u00f3pia-300x300.png\" alt=\"BARBAR BAR logo\" width=\"225\" height=\"225\" srcset=\"https:\/\/tedigames.sk\/system\/wp-content\/uploads\/2017\/05\/barbarbar-logo-\u2013-k\u00f3pia-300x300.png 300w, https:\/\/tedigames.sk\/system\/wp-content\/uploads\/2017\/05\/barbarbar-logo-\u2013-k\u00f3pia-150x150.png 150w, https:\/\/tedigames.sk\/system\/wp-content\/uploads\/2017\/05\/barbarbar-logo-\u2013-k\u00f3pia.png 512w\" sizes=\"(max-width: 225px) 100vw, 225px\" \/><br \/>\nStarted at friday 5.may at 18:00 and ended 7th may at 18:00.<br \/>\nTheme of the Jam was Alcohol, Space, War as it was selected by vote by the participants.<\/p>\n<p>Game is made completly for virtual reality, supporting <strong>HTC Vive<\/strong> and <strong>Oculus Rift with Touch controllers.<\/strong><\/p>\n<p>Gameplay consists of a simple memory game, where the player takes orders from customers in a space bar, and he has to mix drinks as they were requested.<br \/>\nThere are 4 levels to beat, where time is the enemy and the player has to mix the drinks fast, before the patience of the customer runs out.<\/p>\n<p>Assets for the game were made on the spot with exception of music, few sounds and the characters.<\/p>\n<p>All TEDI Games members were present at this event and participating on creation of the game.<br \/>\nThe teams were mixed so we had on board few other creative members that helped with the development.<\/p>\n<pre>=== CODE &amp; DESIGN ===\n<a href=\"https:\/\/tedigames.sk\/system\/members\/dalibor-bartos\/\">Dalibor Barto\u0161<\/a>\n\n=== LEVEL LAYOUT ===\nMiroslav Pastierik\n\n=== 3D ARTISTS ===\n<a href=\"https:\/\/tedigames.sk\/system\/members\/juraj-mikula\/\">Juraj Mikula<\/a>\nRoman Hladk\u00fd\nDalibor Barto\u0161\nOndrej Cmarko\n<a href=\"https:\/\/tedigames.sk\/system\/members\/peter-striz\/\">Peter Str\u00ed\u017e<\/a>\n\n=== 2D ARTISTS ===\nJozef Hojo\n\n=== SOUNDS ===\n<a href=\"https:\/\/tedigames.sk\/system\/members\/michal-bartos\/\">Michal Barto\u0161<\/a>\n<a href=\"https:\/\/tedigames.sk\/system\/members\/bystrik-novak\/\">Bystr\u00edk Nov\u00e1k<\/a>\nKrist\u00edna Vare\u010dkov\u00e1\n<a href=\"https:\/\/tedigames.sk\/system\/members\/dalibor-bartos\/\">Dalibor Barto\u0161<\/a><\/pre>\n<p>Full credits for the game are <a href=\"http:\/\/tedigames.sk\/system\/wp-content\/uploads\/2017\/05\/credits.txt\">here<\/a>.<\/p>\n<p>Game was released 2.jun.2017 on <strong>Steam<\/strong><\/p>\n<p><iframe src=\"https:\/\/www.youtube.com\/embed\/k0HnoPF5g44\" width=\"560\" height=\"315\" frameborder=\"0\" allowfullscreen=\"allowfullscreen\"><\/iframe><\/p>\n<div id='gallery-1' class='gallery galleryid-181 gallery-columns-3 gallery-size-medium'><figure class='gallery-item'>\n\t\t\t<div class='gallery-icon landscape'>\n\t\t\t\t<a href='https:\/\/tedigames.sk\/system\/wp-content\/uploads\/2017\/05\/scr1.png'><img decoding=\"async\" width=\"300\" height=\"166\" src=\"https:\/\/tedigames.sk\/system\/wp-content\/uploads\/2017\/05\/scr1-300x166.png\" class=\"attachment-medium size-medium\" alt=\"BARBAR BAR screenshot\" srcset=\"https:\/\/tedigames.sk\/system\/wp-content\/uploads\/2017\/05\/scr1-300x166.png 300w, https:\/\/tedigames.sk\/system\/wp-content\/uploads\/2017\/05\/scr1-768x425.png 768w, https:\/\/tedigames.sk\/system\/wp-content\/uploads\/2017\/05\/scr1-1024x566.png 1024w, https:\/\/tedigames.sk\/system\/wp-content\/uploads\/2017\/05\/scr1.png 1875w\" sizes=\"(max-width: 300px) 100vw, 300px\" \/><\/a>\n\t\t\t<\/div><\/figure><figure class='gallery-item'>\n\t\t\t<div class='gallery-icon landscape'>\n\t\t\t\t<a href='https:\/\/tedigames.sk\/system\/wp-content\/uploads\/2017\/05\/scr4.png'><img decoding=\"async\" width=\"300\" height=\"168\" src=\"https:\/\/tedigames.sk\/system\/wp-content\/uploads\/2017\/05\/scr4-300x168.png\" class=\"attachment-medium size-medium\" alt=\"BARBAR BAR screenshot\" srcset=\"https:\/\/tedigames.sk\/system\/wp-content\/uploads\/2017\/05\/scr4-300x168.png 300w, https:\/\/tedigames.sk\/system\/wp-content\/uploads\/2017\/05\/scr4-768x430.png 768w, https:\/\/tedigames.sk\/system\/wp-content\/uploads\/2017\/05\/scr4-1024x573.png 1024w, https:\/\/tedigames.sk\/system\/wp-content\/uploads\/2017\/05\/scr4.png 1865w\" sizes=\"(max-width: 300px) 100vw, 300px\" \/><\/a>\n\t\t\t<\/div><\/figure><figure class='gallery-item'>\n\t\t\t<div class='gallery-icon landscape'>\n\t\t\t\t<a href='https:\/\/tedigames.sk\/system\/wp-content\/uploads\/2017\/05\/scr2.png'><img loading=\"lazy\" decoding=\"async\" width=\"300\" height=\"168\" src=\"https:\/\/tedigames.sk\/system\/wp-content\/uploads\/2017\/05\/scr2-300x168.png\" class=\"attachment-medium size-medium\" alt=\"BARBAR BAR screenshot\" srcset=\"https:\/\/tedigames.sk\/system\/wp-content\/uploads\/2017\/05\/scr2-300x168.png 300w, https:\/\/tedigames.sk\/system\/wp-content\/uploads\/2017\/05\/scr2-768x430.png 768w, https:\/\/tedigames.sk\/system\/wp-content\/uploads\/2017\/05\/scr2-1024x573.png 1024w, https:\/\/tedigames.sk\/system\/wp-content\/uploads\/2017\/05\/scr2.png 1861w\" sizes=\"(max-width: 300px) 100vw, 300px\" \/><\/a>\n\t\t\t<\/div><\/figure><figure class='gallery-item'>\n\t\t\t<div class='gallery-icon landscape'>\n\t\t\t\t<a href='https:\/\/tedigames.sk\/system\/wp-content\/uploads\/2017\/05\/scr3-1.png'><img loading=\"lazy\" decoding=\"async\" width=\"300\" height=\"160\" src=\"https:\/\/tedigames.sk\/system\/wp-content\/uploads\/2017\/05\/scr3-1-300x160.png\" class=\"attachment-medium size-medium\" alt=\"BARBAR BAR screenshot\" srcset=\"https:\/\/tedigames.sk\/system\/wp-content\/uploads\/2017\/05\/scr3-1-300x160.png 300w, https:\/\/tedigames.sk\/system\/wp-content\/uploads\/2017\/05\/scr3-1-768x409.png 768w, https:\/\/tedigames.sk\/system\/wp-content\/uploads\/2017\/05\/scr3-1-1024x545.png 1024w, https:\/\/tedigames.sk\/system\/wp-content\/uploads\/2017\/05\/scr3-1.png 1856w\" sizes=\"(max-width: 300px) 100vw, 300px\" \/><\/a>\n\t\t\t<\/div><\/figure>\n\t\t<\/div>\n\n","protected":false},"excerpt":{"rendered":"<p>The game BARBAR BAR was made at 48hour long FMK TEDI Jam [&hellip;]<\/p>\n","protected":false},"author":1,"featured_media":0,"parent":13,"menu_order":0,"comment_status":"closed","ping_status":"closed","template":"page-templates\/page_fullwidth.php","meta":{"footnotes":""},"categories":[],"tags":[],"class_list":["post-181","page","type-page","status-publish","hentry"],"_links":{"self":[{"href":"https:\/\/tedigames.sk\/system\/wp-json\/wp\/v2\/pages\/181","targetHints":{"allow":["GET"]}}],"collection":[{"href":"https:\/\/tedigames.sk\/system\/wp-json\/wp\/v2\/pages"}],"about":[{"href":"https:\/\/tedigames.sk\/system\/wp-json\/wp\/v2\/types\/page"}],"author":[{"embeddable":true,"href":"https:\/\/tedigames.sk\/system\/wp-json\/wp\/v2\/users\/1"}],"replies":[{"embeddable":true,"href":"https:\/\/tedigames.sk\/system\/wp-json\/wp\/v2\/comments?post=181"}],"version-history":[{"count":0,"href":"https:\/\/tedigames.sk\/system\/wp-json\/wp\/v2\/pages\/181\/revisions"}],"up":[{"embeddable":true,"href":"https:\/\/tedigames.sk\/system\/wp-json\/wp\/v2\/pages\/13"}],"wp:attachment":[{"href":"https:\/\/tedigames.sk\/system\/wp-json\/wp\/v2\/media?parent=181"}],"wp:term":[{"taxonomy":"category","embeddable":true,"href":"https:\/\/tedigames.sk\/system\/wp-json\/wp\/v2\/categories?post=181"},{"taxonomy":"post_tag","embeddable":true,"href":"https:\/\/tedigames.sk\/system\/wp-json\/wp\/v2\/tags?post=181"}],"curies":[{"name":"wp","href":"https:\/\/api.w.org\/{rel}","templated":true}]}}