{"id":1238,"date":"2024-12-23T13:08:05","date_gmt":"2024-12-23T11:08:05","guid":{"rendered":"https:\/\/tedigames.sk\/system\/?page_id=1238"},"modified":"2024-12-23T13:08:05","modified_gmt":"2024-12-23T11:08:05","slug":"ba-nieco","status":"publish","type":"page","link":"https:\/\/tedigames.sk\/system\/ba-nieco\/","title":{"rendered":"Ba-nie\u010do"},"content":{"rendered":"\n<p>Ba-nie\u010do : Sen n\u00e1v\u0161tevn\u00edka m\u00fazea \u0160tefana Bani\u010da<br><br>Je VR experience v ktorom vo sne uvid\u00edte a vyu\u017eijete v\u0161etky tri patenty slovensk\u00e9ho vyn\u00e1lezcu \u0160tefana Bani\u010da.<br>Od absurdn\u00fdch motorov\u00fdch san\u00ed, ve\u013emi pravdepodobne nefunk\u010dn\u00e9ho pad\u00e1ku, po hlavolam.<\/p>\n\n\n\n<p>Na hre pracovali:<\/p>\n\n\n\n<p><a href=\"https:\/\/tedigames.sk\/system\/members\/dalibor-bartos\/\">Dalibor Barto\u0161<\/a> (code&amp;design)<br>Al\u017ebeta Hlod\u00e1kov\u00e1 (graphics)<br>Tom\u00e1\u0161 Farka\u0161 (snd&amp;music)<br><br>2024 @ VR\/XR Smolenice Game Jam<\/p>\n\n\n\n<figure class=\"wp-block-embed is-type-video is-provider-youtube wp-block-embed-youtube wp-embed-aspect-16-9 wp-has-aspect-ratio\"><div class=\"wp-block-embed__wrapper\">\n<iframe title=\"Ba-nie\u010do (gameplay)\" width=\"1170\" height=\"658\" src=\"https:\/\/www.youtube.com\/embed\/qEMct6U-bE4?feature=oembed\" frameborder=\"0\" allow=\"accelerometer; autoplay; clipboard-write; encrypted-media; gyroscope; picture-in-picture; web-share\" referrerpolicy=\"strict-origin-when-cross-origin\" allowfullscreen><\/iframe>\n<\/div><\/figure>\n","protected":false},"excerpt":{"rendered":"<p>Ba-nie\u010do : Sen n\u00e1v\u0161tevn\u00edka m\u00fazea \u0160tefana Bani\u010da Je VR experience v ktorom [&hellip;]<\/p>\n","protected":false},"author":1,"featured_media":0,"parent":0,"menu_order":0,"comment_status":"closed","ping_status":"closed","template":"","meta":{"footnotes":""},"categories":[],"tags":[],"class_list":["post-1238","page","type-page","status-publish","hentry"],"_links":{"self":[{"href":"https:\/\/tedigames.sk\/system\/wp-json\/wp\/v2\/pages\/1238","targetHints":{"allow":["GET"]}}],"collection":[{"href":"https:\/\/tedigames.sk\/system\/wp-json\/wp\/v2\/pages"}],"about":[{"href":"https:\/\/tedigames.sk\/system\/wp-json\/wp\/v2\/types\/page"}],"author":[{"embeddable":true,"href":"https:\/\/tedigames.sk\/system\/wp-json\/wp\/v2\/users\/1"}],"replies":[{"embeddable":true,"href":"https:\/\/tedigames.sk\/system\/wp-json\/wp\/v2\/comments?post=1238"}],"version-history":[{"count":0,"href":"https:\/\/tedigames.sk\/system\/wp-json\/wp\/v2\/pages\/1238\/revisions"}],"wp:attachment":[{"href":"https:\/\/tedigames.sk\/system\/wp-json\/wp\/v2\/media?parent=1238"}],"wp:term":[{"taxonomy":"category","embeddable":true,"href":"https:\/\/tedigames.sk\/system\/wp-json\/wp\/v2\/categories?post=1238"},{"taxonomy":"post_tag","embeddable":true,"href":"https:\/\/tedigames.sk\/system\/wp-json\/wp\/v2\/tags?post=1238"}],"curies":[{"name":"wp","href":"https:\/\/api.w.org\/{rel}","templated":true}]}}