{"id":1180,"date":"2024-01-29T23:43:40","date_gmt":"2024-01-29T21:43:40","guid":{"rendered":"https:\/\/tedigames.sk\/system\/?page_id=1180"},"modified":"2024-01-30T08:48:16","modified_gmt":"2024-01-30T06:48:16","slug":"triptofun","status":"publish","type":"page","link":"https:\/\/tedigames.sk\/system\/triptofun\/","title":{"rendered":"Triptofun\u00ae"},"content":{"rendered":"\n<p>Triptofun\u00ae is a virtual reality (VR) game reflecting the current trend of treating mental health issues by perscribing pills instead of therapy. Player acts as healtcare worked tasked with providing medicine to patients based on their looks (pill colour must be the same as head colour). Game draws inspiration and combines elements of Zuma, Dr. Mario, Theme hospital and Space Invaders. Name is wordplay (Trip-to-fun) reminsecing tryptophan which is an acid that the body uses to help make melatonin and serotonin. Melatonin helps regulate the sleep-wake cycle, and serotonin is thought to help regulate appetite, sleep, mood, and pain.<\/p>\n\n\n\n<p>Created by:<br><a href=\"https:\/\/tedigames.sk\/system\/members\/dalibor-bartos\/\">Dalibor Barto\u0161<\/a> [Game design &amp; Code] <br><a href=\"https:\/\/tedigames.sk\/system\/members\/michal-kabat\/\">Michal Kab\u00e1t<\/a> [Game design, 2D, Sound &amp; Music] <br>Dominika Kimli\u010dkov\u00e1 [Environment design]<br>Lenka \u0160i\u0161ul\u00e1kov\u00e1 [Character design &amp; Animation]<br><br>Download: <a href=\"https:\/\/globalgamejam.org\/games\/2024\/joyful-therapy-0\">https:\/\/globalgamejam.org\/games\/2024\/joyful-therapy-0<\/a><br>Alternative: <a href=\"https:\/\/dexus5.itch.io\/triptofun\">https:\/\/dexus5.itch.io\/triptofun<\/a><\/p>\n\n\n\n<figure class=\"wp-block-embed is-type-video is-provider-youtube wp-block-embed-youtube wp-embed-aspect-16-9 wp-has-aspect-ratio\"><div class=\"wp-block-embed__wrapper\">\n<iframe title=\"Triptofun (Global Game Jam 2024)\" width=\"1170\" height=\"658\" src=\"https:\/\/www.youtube.com\/embed\/7VxP4PMQ1Hc?feature=oembed\" frameborder=\"0\" allow=\"accelerometer; autoplay; clipboard-write; encrypted-media; gyroscope; picture-in-picture; web-share\" allowfullscreen><\/iframe>\n<\/div><\/figure>\n\n\n\n<p><\/p>\n","protected":false},"excerpt":{"rendered":"<p>Triptofun\u00ae is a virtual reality (VR) game reflecting the current trend of [&hellip;]<\/p>\n","protected":false},"author":1,"featured_media":0,"parent":0,"menu_order":0,"comment_status":"closed","ping_status":"closed","template":"page-templates\/page_fullwidth.php","meta":{"footnotes":""},"categories":[],"tags":[],"class_list":["post-1180","page","type-page","status-publish","hentry"],"_links":{"self":[{"href":"https:\/\/tedigames.sk\/system\/wp-json\/wp\/v2\/pages\/1180","targetHints":{"allow":["GET"]}}],"collection":[{"href":"https:\/\/tedigames.sk\/system\/wp-json\/wp\/v2\/pages"}],"about":[{"href":"https:\/\/tedigames.sk\/system\/wp-json\/wp\/v2\/types\/page"}],"author":[{"embeddable":true,"href":"https:\/\/tedigames.sk\/system\/wp-json\/wp\/v2\/users\/1"}],"replies":[{"embeddable":true,"href":"https:\/\/tedigames.sk\/system\/wp-json\/wp\/v2\/comments?post=1180"}],"version-history":[{"count":0,"href":"https:\/\/tedigames.sk\/system\/wp-json\/wp\/v2\/pages\/1180\/revisions"}],"wp:attachment":[{"href":"https:\/\/tedigames.sk\/system\/wp-json\/wp\/v2\/media?parent=1180"}],"wp:term":[{"taxonomy":"category","embeddable":true,"href":"https:\/\/tedigames.sk\/system\/wp-json\/wp\/v2\/categories?post=1180"},{"taxonomy":"post_tag","embeddable":true,"href":"https:\/\/tedigames.sk\/system\/wp-json\/wp\/v2\/tags?post=1180"}],"curies":[{"name":"wp","href":"https:\/\/api.w.org\/{rel}","templated":true}]}}