{"id":1124,"date":"2023-02-10T14:09:19","date_gmt":"2023-02-10T12:09:19","guid":{"rendered":"https:\/\/tedigames.sk\/system\/?page_id=1124"},"modified":"2023-02-12T08:59:35","modified_gmt":"2023-02-12T06:59:35","slug":"chop-shop","status":"publish","type":"page","link":"https:\/\/tedigames.sk\/system\/chop-shop\/","title":{"rendered":"Chop Shop"},"content":{"rendered":"\n<p>TEDI Games sa z\u00fa\u010dastnil u\u017e po \u0161tvrt\u00fd kr\u00e1t Global Game Jamu, konal sa 3.feb-5.feb.2023 na UCM v Trnave.<br>T\u00e9mou Game Jamu boli &#8222;korene&#8220;, n\u00e1\u0161 t\u00edm spravil hru v \u0161t\u00fdle Pinballu kde je namiesto guli\u010dky r\u00f4zna kore\u0148ov\u00e1 zelenina. Z\u00e1rove\u0148 obsahuje pod-t\u00e9mu WS teleshopingu a kr\u00e1ja\u010d na zeleninu.<\/p>\n\n\n\n<p>Na hre pracovali: <br><a href=\"https:\/\/tedigames.sk\/system\/members\/dalibor-bartos\/\">Dalibor Barto\u0161<\/a> (Code &amp; Design)<br>\u0160imon Rabatin (3D GFX)<br>Erik Ilavsk\u00fd (SFX)<br><a href=\"https:\/\/tedigames.sk\/system\/members\/michal-kabat\/\">Michal Kab\u00e1t<\/a> (2D GFX)<\/p>\n\n\n\n<p>Download tu : <a href=\"https:\/\/dexus5.itch.io\/chop-shop\">https:\/\/dexus5.itch.io\/chop-shop<\/a><\/p>\n\n\n\n<figure class=\"wp-block-image size-full\"><img fetchpriority=\"high\" decoding=\"async\" width=\"741\" height=\"761\" src=\"https:\/\/tedigames.sk\/system\/wp-content\/uploads\/2023\/02\/wm0gL9.png\" alt=\"\" class=\"wp-image-1126\" srcset=\"https:\/\/tedigames.sk\/system\/wp-content\/uploads\/2023\/02\/wm0gL9.png 741w, https:\/\/tedigames.sk\/system\/wp-content\/uploads\/2023\/02\/wm0gL9-292x300.png 292w, https:\/\/tedigames.sk\/system\/wp-content\/uploads\/2023\/02\/wm0gL9-230x236.png 230w, https:\/\/tedigames.sk\/system\/wp-content\/uploads\/2023\/02\/wm0gL9-350x359.png 350w, https:\/\/tedigames.sk\/system\/wp-content\/uploads\/2023\/02\/wm0gL9-480x493.png 480w\" sizes=\"(max-width: 741px) 100vw, 741px\" \/><\/figure>\n\n\n\n<p><\/p>\n","protected":false},"excerpt":{"rendered":"<p>TEDI Games sa z\u00fa\u010dastnil u\u017e po \u0161tvrt\u00fd kr\u00e1t Global Game Jamu, konal [&hellip;]<\/p>\n","protected":false},"author":1,"featured_media":0,"parent":0,"menu_order":0,"comment_status":"closed","ping_status":"closed","template":"page-templates\/page_fullwidth.php","meta":{"footnotes":""},"categories":[4],"tags":[],"class_list":["post-1124","page","type-page","status-publish","hentry","category-news"],"_links":{"self":[{"href":"https:\/\/tedigames.sk\/system\/wp-json\/wp\/v2\/pages\/1124","targetHints":{"allow":["GET"]}}],"collection":[{"href":"https:\/\/tedigames.sk\/system\/wp-json\/wp\/v2\/pages"}],"about":[{"href":"https:\/\/tedigames.sk\/system\/wp-json\/wp\/v2\/types\/page"}],"author":[{"embeddable":true,"href":"https:\/\/tedigames.sk\/system\/wp-json\/wp\/v2\/users\/1"}],"replies":[{"embeddable":true,"href":"https:\/\/tedigames.sk\/system\/wp-json\/wp\/v2\/comments?post=1124"}],"version-history":[{"count":0,"href":"https:\/\/tedigames.sk\/system\/wp-json\/wp\/v2\/pages\/1124\/revisions"}],"wp:attachment":[{"href":"https:\/\/tedigames.sk\/system\/wp-json\/wp\/v2\/media?parent=1124"}],"wp:term":[{"taxonomy":"category","embeddable":true,"href":"https:\/\/tedigames.sk\/system\/wp-json\/wp\/v2\/categories?post=1124"},{"taxonomy":"post_tag","embeddable":true,"href":"https:\/\/tedigames.sk\/system\/wp-json\/wp\/v2\/tags?post=1124"}],"curies":[{"name":"wp","href":"https:\/\/api.w.org\/{rel}","templated":true}]}}