{"id":1113,"date":"2022-11-20T17:41:27","date_gmt":"2022-11-20T15:41:27","guid":{"rendered":"https:\/\/tedigames.sk\/system\/filmodzi-first-contact-edition-copy\/"},"modified":"2022-11-20T17:48:50","modified_gmt":"2022-11-20T15:48:50","slug":"filmodzi-2-mist-opportunity","status":"publish","type":"page","link":"https:\/\/tedigames.sk\/system\/filmodzi-2-mist-opportunity\/","title":{"rendered":"FILMOD\u017dI 2: Mist Opportunity"},"content":{"rendered":"\n<p>Hra vytvoren\u00e1 na Bratislava Game Jam 2022, ktor\u00fd sa konal online v rozmedz\u00ed  a\u017e 18-20 Nov 2022.<br><\/p>\n\n\n\n<p>Je to trivia hra, v ktorej h\u00e1date film v\u00fdberom spr\u00e1vnej sady troch emoji. Tato hra vyu\u017e\u00edva umelu inteligenciu Stable Diffusion na vytvorenie n\u00e1h\u013eadov sc\u00e9n zo zn\u00e1mych filmov. T\u00e9ma tohto jamu bola &#8222;hmla&#8220; a tak v hre v\u00e1m rob\u00ed obtia\u017ee zahmlenie obr\u00e1zkov a z\u00e1rove\u0148 s\u00fa to obr\u00e1zky vytiahnut\u00e9 z &#8222;hmly&#8220; stable diffusion AI. Hudba bola rovnako vytvoren\u00e1 pomocou AI &#8211; AIVA.<\/p>\n\n\n\n<p>Na tvorbe sa podielali:<\/p>\n\n\n\n<p><strong><a href=\"https:\/\/tedigames.sk\/system\/members\/dalibor-bartos\/\">Dalibor Barto\u0161<\/a><\/strong> &#8211; Code&amp;design<br><strong><a href=\"https:\/\/tedigames.sk\/system\/members\/michal-kabat\/\">Michal Kab\u00e1t<\/a><\/strong> &#8211; Visual design \/ UI<br><strong>Gabika Grajc\u00e1rov\u00e1<\/strong> &#8211; 2D artwork<br><strong>Filip Duck\u00fd<\/strong> &#8211; 2D artwork<br><br><a href=\"https:\/\/dexus5.itch.io\/filmodi-2-mist-opportunity\">DOWNLOAD<\/a><\/p>\n\n\n\n<figure class=\"wp-block-embed is-type-video is-provider-youtube wp-block-embed-youtube wp-embed-aspect-16-9 wp-has-aspect-ratio\"><div class=\"wp-block-embed__wrapper\">\n<iframe title=\"Filmod\u017ei 2: Mist Opportunity\" width=\"1170\" height=\"658\" src=\"https:\/\/www.youtube.com\/embed\/-fG079qFOSE?feature=oembed\" frameborder=\"0\" allow=\"accelerometer; autoplay; clipboard-write; encrypted-media; gyroscope; picture-in-picture\" allowfullscreen><\/iframe>\n<\/div><\/figure>\n","protected":false},"excerpt":{"rendered":"<p>Hra vytvoren\u00e1 na Bratislava Game Jam 2022, ktor\u00fd sa konal online v [&hellip;]<\/p>\n","protected":false},"author":1,"featured_media":0,"parent":0,"menu_order":0,"comment_status":"closed","ping_status":"closed","template":"page-templates\/page_fullwidth.php","meta":{"footnotes":""},"categories":[],"tags":[],"class_list":["post-1113","page","type-page","status-publish","hentry"],"_links":{"self":[{"href":"https:\/\/tedigames.sk\/system\/wp-json\/wp\/v2\/pages\/1113","targetHints":{"allow":["GET"]}}],"collection":[{"href":"https:\/\/tedigames.sk\/system\/wp-json\/wp\/v2\/pages"}],"about":[{"href":"https:\/\/tedigames.sk\/system\/wp-json\/wp\/v2\/types\/page"}],"author":[{"embeddable":true,"href":"https:\/\/tedigames.sk\/system\/wp-json\/wp\/v2\/users\/1"}],"replies":[{"embeddable":true,"href":"https:\/\/tedigames.sk\/system\/wp-json\/wp\/v2\/comments?post=1113"}],"version-history":[{"count":0,"href":"https:\/\/tedigames.sk\/system\/wp-json\/wp\/v2\/pages\/1113\/revisions"}],"wp:attachment":[{"href":"https:\/\/tedigames.sk\/system\/wp-json\/wp\/v2\/media?parent=1113"}],"wp:term":[{"taxonomy":"category","embeddable":true,"href":"https:\/\/tedigames.sk\/system\/wp-json\/wp\/v2\/categories?post=1113"},{"taxonomy":"post_tag","embeddable":true,"href":"https:\/\/tedigames.sk\/system\/wp-json\/wp\/v2\/tags?post=1113"}],"curies":[{"name":"wp","href":"https:\/\/api.w.org\/{rel}","templated":true}]}}