{"id":1048,"date":"2022-01-24T00:44:23","date_gmt":"2022-01-23T22:44:23","guid":{"rendered":"https:\/\/tedigames.sk\/system\/?page_id=1048"},"modified":"2023-01-17T14:37:36","modified_gmt":"2023-01-17T12:37:36","slug":"flip-coin","status":"publish","type":"page","link":"https:\/\/tedigames.sk\/system\/flip-coin\/","title":{"rendered":"Flip.coin"},"content":{"rendered":"\n<p> Hra vytvoren\u00e1 na Global Game Jam 2022 &#8211; Jan 21-22th 2022<\/p>\n\n\n\n<p>Team : <\/p>\n\n\n\n<p><a href=\"https:\/\/tedigames.sk\/system\/members\/dalibor-bartos\/\">Dalibor Barto\u0161<\/a> [code &amp; design]<br><a href=\"https:\/\/tedigames.sk\/system\/members\/michal-bartos\/\">Michal Barto\u0161<\/a>  [3d assets]<br><a href=\"https:\/\/tedigames.sk\/system\/members\/michal-kabat\/\">Michal Kab\u00e1t<\/a> [2d assets &amp; design]<br><a href=\"https:\/\/tedigames.sk\/system\/members\/bystrik-novak\/\">Bystr\u00edk Nov\u00e1k<\/a> [music]<br>Krist\u00edna Vare\u010dkov\u00e1 [sounds]<\/p>\n\n\n\n<p>DOWNLOAD: <a href=\"https:\/\/dexus5.itch.io\/flipcoin\">https:\/\/dexus5.itch.io\/flipcoin<\/a><\/p>\n\n\n\n<figure class=\"wp-block-embed is-type-video is-provider-youtube wp-block-embed-youtube wp-embed-aspect-16-9 wp-has-aspect-ratio\"><div class=\"wp-block-embed__wrapper\">\n<iframe title=\"Flip.coin (Global Game Jam 2022 entery)\" width=\"1170\" height=\"658\" src=\"https:\/\/www.youtube.com\/embed\/DqYuAd5sPQQ?feature=oembed\" frameborder=\"0\" allow=\"accelerometer; autoplay; clipboard-write; encrypted-media; gyroscope; picture-in-picture\" allowfullscreen><\/iframe>\n<\/div><\/figure>\n","protected":false},"excerpt":{"rendered":"<p>Hra vytvoren\u00e1 na Global Game Jam 2022 &#8211; Jan 21-22th 2022 Team [&hellip;]<\/p>\n","protected":false},"author":1,"featured_media":0,"parent":0,"menu_order":0,"comment_status":"closed","ping_status":"closed","template":"page-templates\/page_fullwidth.php","meta":{"footnotes":""},"categories":[],"tags":[],"class_list":["post-1048","page","type-page","status-publish","hentry"],"_links":{"self":[{"href":"https:\/\/tedigames.sk\/system\/wp-json\/wp\/v2\/pages\/1048","targetHints":{"allow":["GET"]}}],"collection":[{"href":"https:\/\/tedigames.sk\/system\/wp-json\/wp\/v2\/pages"}],"about":[{"href":"https:\/\/tedigames.sk\/system\/wp-json\/wp\/v2\/types\/page"}],"author":[{"embeddable":true,"href":"https:\/\/tedigames.sk\/system\/wp-json\/wp\/v2\/users\/1"}],"replies":[{"embeddable":true,"href":"https:\/\/tedigames.sk\/system\/wp-json\/wp\/v2\/comments?post=1048"}],"version-history":[{"count":0,"href":"https:\/\/tedigames.sk\/system\/wp-json\/wp\/v2\/pages\/1048\/revisions"}],"wp:attachment":[{"href":"https:\/\/tedigames.sk\/system\/wp-json\/wp\/v2\/media?parent=1048"}],"wp:term":[{"taxonomy":"category","embeddable":true,"href":"https:\/\/tedigames.sk\/system\/wp-json\/wp\/v2\/categories?post=1048"},{"taxonomy":"post_tag","embeddable":true,"href":"https:\/\/tedigames.sk\/system\/wp-json\/wp\/v2\/tags?post=1048"}],"curies":[{"name":"wp","href":"https:\/\/api.w.org\/{rel}","templated":true}]}}